{"id":28329,"date":"2021-06-22T22:17:42","date_gmt":"2021-06-22T21:17:42","guid":{"rendered":"https:\/\/www.physiocraft.co.uk\/book-an-appointment\/"},"modified":"2024-12-30T15:14:18","modified_gmt":"2024-12-30T15:14:18","slug":"umow-wizyte","status":"publish","type":"page","link":"https:\/\/www.physiocraft.co.uk\/pl\/umow-wizyte\/","title":{"rendered":"Um\u00f3w wizyt\u0119"},"content":{"rendered":"\t\t<div data-elementor-type=\"wp-page\" data-elementor-id=\"28329\" class=\"elementor elementor-28329\">\n\t\t\t\t\t\t<section class=\"elementor-section elementor-top-section elementor-element elementor-element-abbebfe elementor-reverse-tablet elementor-reverse-mobile elementor-section-boxed elementor-section-height-default elementor-section-height-default\" data-id=\"abbebfe\" data-element_type=\"section\" data-e-type=\"section\" data-settings=\"{&quot;background_background&quot;:&quot;classic&quot;}\">\n\t\t\t\t\t\t<div class=\"elementor-container elementor-column-gap-default\">\n\t\t\t\t\t<div class=\"elementor-column elementor-col-50 elementor-top-column elementor-element elementor-element-342c6a5\" data-id=\"342c6a5\" data-element_type=\"column\" data-e-type=\"column\">\n\t\t\t<div class=\"elementor-widget-wrap elementor-element-populated\">\n\t\t\t\t\t\t<div class=\"elementor-element elementor-element-6d7491f elementor-widget elementor-widget-heading\" data-id=\"6d7491f\" data-element_type=\"widget\" data-e-type=\"widget\" data-widget_type=\"heading.default\">\n\t\t\t\t<div class=\"elementor-widget-container\">\n\t\t\t\t\t<h1 class=\"elementor-heading-title elementor-size-xl\">Um\u00f3w Wizyt\u0119\u200b<\/h1>\t\t\t\t<\/div>\n\t\t\t\t<\/div>\n\t\t\t\t<div class=\"elementor-element elementor-element-098846c elementor-widget elementor-widget-text-editor\" data-id=\"098846c\" data-element_type=\"widget\" data-e-type=\"widget\" data-widget_type=\"text-editor.default\">\n\t\t\t\t<div class=\"elementor-widget-container\">\n\t\t\t\t\t\t\t\t\t<p>\u017bycie bez b\u00f3lu zaczyna si\u0119 od spotkania. Nie czekaj, umow si\u0119 na<br \/>badanie, a od razu zaplanuj\u0119 terapi\u0119 dostosowan\u0105 indywidualnie do<br \/>Twojego problemu. Nie musisz \u015bwiadomie godzi\u0107 si\u0119 na cierpienie,<br \/>skoro masz do dyspozycji fachow\u0105 pomoc.<\/p>\t\t\t\t\t\t\t\t<\/div>\n\t\t\t\t<\/div>\n\t\t\t\t<div class=\"elementor-element elementor-element-fa004b1 elementor-widget elementor-widget-heading\" data-id=\"fa004b1\" data-element_type=\"widget\" data-e-type=\"widget\" data-widget_type=\"heading.default\">\n\t\t\t\t<div class=\"elementor-widget-container\">\n\t\t\t\t\t<h2 class=\"elementor-heading-title elementor-size-large\">Rezerwacja<\/h2>\t\t\t\t<\/div>\n\t\t\t\t<\/div>\n\t\t\t\t<div class=\"elementor-element elementor-element-b0bf530 elementor-widget elementor-widget-text-editor\" data-id=\"b0bf530\" data-element_type=\"widget\" data-e-type=\"widget\" data-widget_type=\"text-editor.default\">\n\t\t\t\t<div class=\"elementor-widget-container\">\n\t\t\t\t\t\t\t\t\t<p>Czy twoja kontuzja wymaga natychmiastowej uwagi fizjoterapeuty w Southampton? PhysioCraft Ci\u0119 obejmuje!<\/p><p>Oferujemy us\u0142ug\u0119 rezerwacji wizyt na fizjoterapi\u0119 tego samego lub nast\u0119pnego dnia. Gwarantuje to, \u017ce twoje obra\u017cenia s\u0105 pilnie objete terapia, a problem nigdy si\u0119 nie eskaluje.<\/p><p>Aby um\u00f3wi\u0107 si\u0119 na piln\u0105 wizyt\u0119 fizjoterapeutyczn\u0105, <strong><a style=\"color: #fff;\" href=\"tel:+4407340700350\">zadzwo\u0144 do nas<\/a> <\/strong>ju\u017c teraz i sprawd\u017a dost\u0119pno\u015b\u0107.<\/p>\t\t\t\t\t\t\t\t<\/div>\n\t\t\t\t<\/div>\n\t\t\t\t\t<\/div>\n\t\t<\/div>\n\t\t\t\t<div class=\"elementor-column elementor-col-50 elementor-top-column elementor-element elementor-element-2642317\" data-id=\"2642317\" data-element_type=\"column\" data-e-type=\"column\">\n\t\t\t<div class=\"elementor-widget-wrap elementor-element-populated\">\n\t\t\t\t\t\t<div class=\"elementor-element elementor-element-d0c2f74 elementor-widget elementor-widget-text-editor\" data-id=\"d0c2f74\" data-element_type=\"widget\" data-e-type=\"widget\" data-widget_type=\"text-editor.default\">\n\t\t\t\t<div class=\"elementor-widget-container\">\n\t\t\t\t\t\t\t\t\t<p>Skontaktuj si\u0119 z nami ju\u017c dzi\u015b, aby um\u00f3wi\u0107 si\u0119 na wizyt\u0119 u polskiego fizjoterapeuty w Southampton.<\/p>\t\t\t\t\t\t\t\t<\/div>\n\t\t\t\t<\/div>\n\t\t\t\t<div class=\"elementor-element elementor-element-b49d796 elementor-widget elementor-widget-wpforms\" data-id=\"b49d796\" data-element_type=\"widget\" data-e-type=\"widget\" data-widget_type=\"wpforms.default\">\n\t\t\t\t<div class=\"elementor-widget-container\">\n\t\t\t\t\t<div class=\"wpforms-container \" id=\"wpforms-29547\"><form id=\"wpforms-form-29547\" class=\"wpforms-validate wpforms-form wpforms-ajax-form\" data-formid=\"29547\" method=\"post\" enctype=\"multipart\/form-data\" action=\"\/pl\/wp-json\/wp\/v2\/pages\/28329\" data-token=\"f22b0d04e15eb59a9830576d9713d12a\" data-token-time=\"1777637913\"><noscript class=\"wpforms-error-noscript\">Aby wype\u0142ni\u0107 ten formularz, w\u0142\u0105cz obs\u0142ug\u0119 JavaScript w przegl\u0105darce.<\/noscript><div class=\"wpforms-field-container\"><div id=\"wpforms-29547-field_0-container\" class=\"wpforms-field wpforms-field-name\" data-field-id=\"0\"><label class=\"wpforms-field-label wpforms-label-hide\" for=\"wpforms-29547-field_0\">Name <span class=\"wpforms-required-label\">*<\/span><\/label><div class=\"wpforms-field-row wpforms-field-large\"><div class=\"wpforms-field-row-block wpforms-first wpforms-one-half\"><input type=\"text\" id=\"wpforms-29547-field_0\" class=\"wpforms-field-name-first wpforms-field-required\" name=\"wpforms[fields][0][first]\" placeholder=\"First Name*\" required><label for=\"wpforms-29547-field_0\" class=\"wpforms-field-sublabel after wpforms-sublabel-hide\">Pierwszy<\/label><\/div><div class=\"wpforms-field-row-block wpforms-one-half\"><input type=\"text\" id=\"wpforms-29547-field_0-last\" class=\"wpforms-field-name-last wpforms-field-required\" name=\"wpforms[fields][0][last]\" placeholder=\"Last Name*\" required><label for=\"wpforms-29547-field_0-last\" class=\"wpforms-field-sublabel after wpforms-sublabel-hide\">Ostatni<\/label><\/div><\/div><\/div><div id=\"wpforms-29547-field_1-container\" class=\"wpforms-field wpforms-field-email\" data-field-id=\"1\"><label class=\"wpforms-field-label wpforms-label-hide\" for=\"wpforms-29547-field_1\">Email* <span class=\"wpforms-required-label\">*<\/span><\/label><input type=\"email\" id=\"wpforms-29547-field_1\" class=\"wpforms-field-large wpforms-field-required\" name=\"wpforms[fields][1]\" placeholder=\"Email\" spellcheck=\"false\" required><\/div><div id=\"wpforms-29547-field_3-container\" class=\"wpforms-field wpforms-field-number\" data-field-id=\"3\"><label class=\"wpforms-field-label wpforms-label-hide\" for=\"wpforms-29547-field_3\">Phone <span class=\"wpforms-required-label\">*<\/span><\/label><input type=\"number\" id=\"wpforms-29547-field_3\" class=\"wpforms-field-large wpforms-field-required\" name=\"wpforms[fields][3]\" placeholder=\"Phone\" step=\"any\" required><\/div><div id=\"wpforms-29547-field_4-container\" class=\"wpforms-field wpforms-field-select wpforms-field-select-style-classic\" data-field-id=\"4\"><label class=\"wpforms-field-label\" for=\"wpforms-29547-field_4\">Choose One Option <span class=\"wpforms-required-label\">*<\/span><\/label><select id=\"wpforms-29547-field_4\" class=\"wpforms-field-large wpforms-field-required\" name=\"wpforms[fields][4]\" required=\"required\"><option value=\"Assessment and treatment (1st visit)\"  class=\"choice-1 depth-1\"  >Assessment and treatment (1st visit)<\/option><option value=\"Follow-up Visit\"  class=\"choice-2 depth-1\"  >Follow-up Visit<\/option><option value=\"Home Visit\"  class=\"choice-3 depth-1\"  >Home Visit<\/option><option value=\"Massage\"  class=\"choice-5 depth-1\"  >Massage<\/option><option value=\"Modalities\"  class=\"choice-6 depth-1\"  >Modalities<\/option><option value=\"Other\"  class=\"choice-7 depth-1\"  >Other<\/option><\/select><\/div><div id=\"wpforms-29547-field_2-container\" class=\"wpforms-field wpforms-field-textarea\" data-field-id=\"2\"><label class=\"wpforms-field-label wpforms-label-hide\" for=\"wpforms-29547-field_2\">Message <span class=\"wpforms-required-label\">*<\/span><\/label><textarea id=\"wpforms-29547-field_2\" class=\"wpforms-field-medium wpforms-field-required\" name=\"wpforms[fields][2]\" placeholder=\"Message*\" required><\/textarea><\/div><\/div><!-- .wpforms-field-container --><div class=\"wpforms-submit-container\" ><input type=\"hidden\" name=\"wpforms[id]\" value=\"29547\"><input type=\"hidden\" name=\"page_title\" value=\"\"><input type=\"hidden\" name=\"page_url\" value=\"https:\/\/www.physiocraft.co.uk\/pl\/wp-json\/wp\/v2\/pages\/28329\"><input type=\"hidden\" name=\"url_referer\" value=\"\"><button type=\"submit\" name=\"wpforms[submit]\" id=\"wpforms-submit-29547\" class=\"wpforms-submit\" data-alt-text=\"Sending...\" data-submit-text=\"Submit\" aria-live=\"assertive\" value=\"wpforms-submit\">Submit<\/button><img decoding=\"async\" src=\"https:\/\/www.physiocraft.co.uk\/wp-content\/plugins\/wpforms-lite\/assets\/images\/submit-spin.svg\" class=\"wpforms-submit-spinner\" style=\"display: none;\" width=\"26\" height=\"26\" alt=\"Wczytywanie\"><\/div><\/form><\/div>  <!-- .wpforms-container -->\t\t\t\t<\/div>\n\t\t\t\t<\/div>\n\t\t\t\t\t<\/div>\n\t\t<\/div>\n\t\t\t\t\t<\/div>\n\t\t<\/section>\n\t\t\t\t<section class=\"elementor-section elementor-top-section elementor-element elementor-element-dbab308 elementor-section-boxed elementor-section-height-default elementor-section-height-default\" data-id=\"dbab308\" data-element_type=\"section\" data-e-type=\"section\">\n\t\t\t\t\t\t<div class=\"elementor-container elementor-column-gap-default\">\n\t\t\t\t\t<div class=\"elementor-column elementor-col-100 elementor-top-column elementor-element elementor-element-bea160f\" data-id=\"bea160f\" data-element_type=\"column\" data-e-type=\"column\">\n\t\t\t<div class=\"elementor-widget-wrap elementor-element-populated\">\n\t\t\t\t\t\t<div class=\"elementor-element elementor-element-167b0ee elementor-widget elementor-widget-heading\" data-id=\"167b0ee\" data-element_type=\"widget\" data-e-type=\"widget\" data-widget_type=\"heading.default\">\n\t\t\t\t<div class=\"elementor-widget-container\">\n\t\t\t\t\t<h2 class=\"elementor-heading-title elementor-size-large\">Dlaczego warto wybra\u0107 fizjoterapi\u0119? \u200b<\/h2>\t\t\t\t<\/div>\n\t\t\t\t<\/div>\n\t\t\t\t<div class=\"elementor-element elementor-element-8ecb784 elementor-widget elementor-widget-text-editor\" data-id=\"8ecb784\" data-element_type=\"widget\" data-e-type=\"widget\" data-widget_type=\"text-editor.default\">\n\t\t\t\t<div class=\"elementor-widget-container\">\n\t\t\t\t\t\t\t\t\t<p>Zanim zarezerwujesz wizyt\u0119 fizjoterapeutyczn\u0105 w PhysioCraft, powiniene\u015b zrozumie\u0107, dlaczego fizjoterapia jest dla Ciebie odpowiednia i jak mo\u017ce pom\u00f3c Ci przezwyci\u0119\u017cy\u0107 fizyczne wyzwania.<\/p><p>Je\u015bli masz do czynienia z dolegliwo\u015bci\u0105 wymagaj\u0105c\u0105 fizjoterapii. Fizjoterapia pomaga unikn\u0105\u0107 konieczno\u015bci zabiegu chirurgicznego, lecz\u0105c stan na wczesnym etapie. Nawet je\u015bli przechodzisz operacj\u0119, fizjoterapia jest najlepszym sposobem na szybszy powr\u00f3t do zdrowia.<\/p><p>Po drugie, fizjoterapia jest najlepszym lekarstwem dla os\u00f3b starszych cierpi\u0105cych na problemy zwi\u0105zane z wiekiem, takie jak reumatoidalne zapalenie staw\u00f3w, demencja i osteoporoza. Ma nawet klucz do skutecznego radzenia sobie z wieloma problemami zdrowotnymi kobiet np. zwi\u0105zanymi z ci\u0105\u017c\u0105 badz b\u00f3lem miednicy.<\/p><p>Og\u00f3lnie rzecz bior\u0105c, fizjoterapia pomaga z\u0142agodzi\u0107 b\u00f3l i obrz\u0119k, poprawi\u0107 kr\u0105\u017cenie krwi, poprawi\u0107 elastyczno\u015b\u0107, u\u0142atwi\u0107 ruch i promowa\u0107 zdrowie.<\/p><p>\u00a0<\/p>\t\t\t\t\t\t\t\t<\/div>\n\t\t\t\t<\/div>\n\t\t\t\t\t<\/div>\n\t\t<\/div>\n\t\t\t\t\t<\/div>\n\t\t<\/section>\n\t\t\t\t<div class=\"elementor-section elementor-top-section elementor-element elementor-element-855c33e elementor-section-full_width elementor-section-height-default elementor-section-height-default\" data-id=\"855c33e\" data-element_type=\"section\" data-e-type=\"section\">\n\t\t\t\t\t\t<div class=\"elementor-container elementor-column-gap-default\">\n\t\t\t\t\t<div class=\"elementor-column elementor-col-100 elementor-top-column elementor-element elementor-element-eb49876\" data-id=\"eb49876\" data-element_type=\"column\" data-e-type=\"column\">\n\t\t\t<div class=\"elementor-widget-wrap elementor-element-populated\">\n\t\t\t\t\t\t<div class=\"elementor-element elementor-element-92afb7f elementor-widget elementor-widget-html\" data-id=\"92afb7f\" data-element_type=\"widget\" data-e-type=\"widget\" data-widget_type=\"html.default\">\n\t\t\t\t<div class=\"elementor-widget-container\">\n\t\t\t\t\t<iframe style=\"width:100%;\" src=\"https:\/\/www.google.com\/maps\/embed?pb=!1m14!1m8!1m3!1d18458.14535886712!2d-1.3794209025558248!3d50.90347987189124!3m2!1i1024!2i768!4f13.1!3m3!1m2!1s0x0%3A0xfcf4c3087237e5bd!2sPhysioCraft!5e0!3m2!1spl!2suk!4v1637414996931!5m2!1spl!2suk\" height=\"450\" style=\"border:0;\" allowfullscreen=\"\" loading=\"lazy\"><\/iframe>\t\t\t\t<\/div>\n\t\t\t\t<\/div>\n\t\t\t\t\t<\/div>\n\t\t<\/div>\n\t\t\t\t\t<\/div>\n\t\t<\/div>\n\t\t\t\t<\/div>\n\t\t","protected":false},"excerpt":{"rendered":"<p>Um\u00f3w Wizyt\u0119\u200b \u017bycie bez b\u00f3lu zaczyna si\u0119 od spotkania. Nie czekaj, umow si\u0119 nabadanie, a od razu zaplanuj\u0119 terapi\u0119 dostosowan\u0105 [&hellip;]<\/p>\n","protected":false},"author":1,"featured_media":0,"parent":0,"menu_order":0,"comment_status":"closed","ping_status":"closed","template":"","meta":{"_seopress_robots_primary_cat":"","_seopress_titles_title":"Um\u00f3w wizyt\u0119 - PhysioCraft | Fizjoterapeuta w Southampton, UK","_seopress_titles_desc":"Um\u00f3w si\u0119 na wizyt\u0119 u do\u015bwiadczonego fizjoterapeuty w PhysioCraft. Zarezerwuj zabieg w klinice lub w zaciszu swojego domu. Dost\u0119pne wizyty w tego samego dnia","_seopress_robots_index":"","site-sidebar-layout":"no-sidebar","site-content-layout":"page-builder","ast-site-content-layout":"full-width-container","site-content-style":"unboxed","site-sidebar-style":"unboxed","ast-global-header-display":"","ast-banner-title-visibility":"","ast-main-header-display":"","ast-hfb-above-header-display":"","ast-hfb-below-header-display":"","ast-hfb-mobile-header-display":"","site-post-title":"disabled","ast-breadcrumbs-content":"","ast-featured-img":"disabled","footer-sml-layout":"","ast-disable-related-posts":"","theme-transparent-header-meta":"default","adv-header-id-meta":"","stick-header-meta":"default","header-above-stick-meta":"","header-main-stick-meta":"","header-below-stick-meta":"","astra-migrate-meta-layouts":"default","ast-page-background-enabled":"default","ast-page-background-meta":{"desktop":{"background-color":"","background-image":"","background-repeat":"repeat","background-position":"center center","background-size":"auto","background-attachment":"scroll","background-type":"","background-media":"","overlay-type":"","overlay-color":"","overlay-opacity":"","overlay-gradient":""},"tablet":{"background-color":"","background-image":"","background-repeat":"repeat","background-position":"center center","background-size":"auto","background-attachment":"scroll","background-type":"","background-media":"","overlay-type":"","overlay-color":"","overlay-opacity":"","overlay-gradient":""},"mobile":{"background-color":"","background-image":"","background-repeat":"repeat","background-position":"center center","background-size":"auto","background-attachment":"scroll","background-type":"","background-media":"","overlay-type":"","overlay-color":"","overlay-opacity":"","overlay-gradient":""}},"ast-content-background-meta":{"desktop":{"background-color":"var(--ast-global-color-5)","background-image":"","background-repeat":"repeat","background-position":"center center","background-size":"auto","background-attachment":"scroll","background-type":"","background-media":"","overlay-type":"","overlay-color":"","overlay-opacity":"","overlay-gradient":""},"tablet":{"background-color":"var(--ast-global-color-5)","background-image":"","background-repeat":"repeat","background-position":"center center","background-size":"auto","background-attachment":"scroll","background-type":"","background-media":"","overlay-type":"","overlay-color":"","overlay-opacity":"","overlay-gradient":""},"mobile":{"background-color":"var(--ast-global-color-5)","background-image":"","background-repeat":"repeat","background-position":"center center","background-size":"auto","background-attachment":"scroll","background-type":"","background-media":"","overlay-type":"","overlay-color":"","overlay-opacity":"","overlay-gradient":""}},"footnotes":""},"location_category":[],"class_list":["post-28329","page","type-page","status-publish","hentry"],"_links":{"self":[{"href":"https:\/\/www.physiocraft.co.uk\/pl\/wp-json\/wp\/v2\/pages\/28329","targetHints":{"allow":["GET"]}}],"collection":[{"href":"https:\/\/www.physiocraft.co.uk\/pl\/wp-json\/wp\/v2\/pages"}],"about":[{"href":"https:\/\/www.physiocraft.co.uk\/pl\/wp-json\/wp\/v2\/types\/page"}],"author":[{"embeddable":true,"href":"https:\/\/www.physiocraft.co.uk\/pl\/wp-json\/wp\/v2\/users\/1"}],"replies":[{"embeddable":true,"href":"https:\/\/www.physiocraft.co.uk\/pl\/wp-json\/wp\/v2\/comments?post=28329"}],"version-history":[{"count":77,"href":"https:\/\/www.physiocraft.co.uk\/pl\/wp-json\/wp\/v2\/pages\/28329\/revisions"}],"predecessor-version":[{"id":31355,"href":"https:\/\/www.physiocraft.co.uk\/pl\/wp-json\/wp\/v2\/pages\/28329\/revisions\/31355"}],"wp:attachment":[{"href":"https:\/\/www.physiocraft.co.uk\/pl\/wp-json\/wp\/v2\/media?parent=28329"}],"wp:term":[{"taxonomy":"location_category","embeddable":true,"href":"https:\/\/www.physiocraft.co.uk\/pl\/wp-json\/wp\/v2\/location_category?post=28329"}],"curies":[{"name":"wp","href":"https:\/\/api.w.org\/{rel}","templated":true}]}}