{"id":28376,"date":"2021-06-08T21:16:28","date_gmt":"2021-06-08T20:16:28","guid":{"rendered":"https:\/\/www.physiocraft.co.uk\/elbow\/"},"modified":"2021-11-28T14:43:29","modified_gmt":"2021-11-28T14:43:29","slug":"lokiec","status":"publish","type":"page","link":"https:\/\/www.physiocraft.co.uk\/pl\/lokiec\/","title":{"rendered":"\u0141okie\u0107"},"content":{"rendered":"\t\t<div data-elementor-type=\"wp-page\" data-elementor-id=\"28376\" class=\"elementor elementor-28376\">\n\t\t\t\t\t\t<header class=\"elementor-section elementor-top-section elementor-element elementor-element-a7c647a elementor-section-boxed elementor-section-height-default elementor-section-height-default\" data-id=\"a7c647a\" data-element_type=\"section\" data-e-type=\"section\">\n\t\t\t\t\t\t<div class=\"elementor-container elementor-column-gap-no\">\n\t\t\t\t\t<div class=\"elementor-column elementor-col-100 elementor-top-column elementor-element elementor-element-e73d4b5\" data-id=\"e73d4b5\" data-element_type=\"column\" data-e-type=\"column\">\n\t\t\t<div class=\"elementor-widget-wrap elementor-element-populated\">\n\t\t\t\t\t\t<div class=\"elementor-element elementor-element-8942199 elementor-widget elementor-widget-heading\" data-id=\"8942199\" data-element_type=\"widget\" data-e-type=\"widget\" data-widget_type=\"heading.default\">\n\t\t\t\t<div class=\"elementor-widget-container\">\n\t\t\t\t\t<h1 class=\"elementor-heading-title elementor-size-default\">\u0141okie\u0107 - leczenie b\u00f3lu<\/h1>\t\t\t\t<\/div>\n\t\t\t\t<\/div>\n\t\t\t\t<div class=\"elementor-element elementor-element-c31b8cb elementor-widget elementor-widget-text-editor\" data-id=\"c31b8cb\" data-element_type=\"widget\" data-e-type=\"widget\" data-widget_type=\"text-editor.default\">\n\t\t\t\t<div class=\"elementor-widget-container\">\n\t\t\t\t\t\t\t\t\tFizjoterapia w Southampton, Hampshire, UK.\t\t\t\t\t\t\t\t<\/div>\n\t\t\t\t<\/div>\n\t\t\t\t\t<\/div>\n\t\t<\/div>\n\t\t\t\t\t<\/div>\n\t\t<\/header>\n\t\t\t\t<section class=\"elementor-section elementor-top-section elementor-element elementor-element-0295055 elementor-section-boxed elementor-section-height-default elementor-section-height-default\" data-id=\"0295055\" data-element_type=\"section\" data-e-type=\"section\">\n\t\t\t\t\t\t<div class=\"elementor-container elementor-column-gap-default\">\n\t\t\t\t\t<article class=\"elementor-column elementor-col-100 elementor-top-column elementor-element elementor-element-d408a7b\" data-id=\"d408a7b\" data-element_type=\"column\" data-e-type=\"column\">\n\t\t\t<div class=\"elementor-widget-wrap elementor-element-populated\">\n\t\t\t\t\t\t<article class=\"elementor-section elementor-inner-section elementor-element elementor-element-a6a9b0e elementor-section-boxed elementor-section-height-default elementor-section-height-default\" data-id=\"a6a9b0e\" data-element_type=\"section\" data-e-type=\"section\">\n\t\t\t\t\t\t<div class=\"elementor-container elementor-column-gap-default\">\n\t\t\t\t\t<div class=\"elementor-column elementor-col-100 elementor-inner-column elementor-element elementor-element-25d120a\" data-id=\"25d120a\" data-element_type=\"column\" data-e-type=\"column\">\n\t\t\t<div class=\"elementor-widget-wrap elementor-element-populated\">\n\t\t\t\t\t\t<div class=\"elementor-element elementor-element-2a9d8c8 elementor-widget elementor-widget-heading\" data-id=\"2a9d8c8\" data-element_type=\"widget\" data-e-type=\"widget\" data-widget_type=\"heading.default\">\n\t\t\t\t<div class=\"elementor-widget-container\">\n\t\t\t\t\t<h2 class=\"elementor-heading-title elementor-size-large\">\u0141okie\u0107<\/h2>\t\t\t\t<\/div>\n\t\t\t\t<\/div>\n\t\t\t\t<div class=\"elementor-element elementor-element-22493df elementor-widget elementor-widget-text-editor\" data-id=\"22493df\" data-element_type=\"widget\" data-e-type=\"widget\" data-widget_type=\"text-editor.default\">\n\t\t\t\t<div class=\"elementor-widget-container\">\n\t\t\t\t\t\t\t\t\t\u0141okie\u0107 tworz\u0105 trzy stawy: ramienno-promieniowy, ramienno-\u0142okciowy i promieniowo-\u0142okciowy bli\u017cszy. Torebka stawowa obejmuje wszystkie trzy stawy. Wzmacniana jest przez wi\u0119zad\u0142a poboczne. Wi\u0119zad\u0142o pier\u015bcieniowate stabilizuje staw promieniowo-\u0142okciowy bli\u017cszy. Mi\u0119sie\u0144 ramienny i \u0142okciowy napinaj\u0105 torebk\u0119 stawow\u0105 podczas ruch\u00f3w. Dolegliwo\u015bci w obr\u0119bie \u0142okcia mog\u0105 by\u0107 spowodowane urazami (zwichni\u0119cia, z\u0142amania, st\u0142uczenia), przeci\u0105\u017ceniami (\u0142okie\u0107 tenisisty czy golfisty), os\u0142abni\u0119ciem si\u0142y\/napi\u0119cia mi\u0119\u015bniowego, uszkodzenia nerw\u00f3w, zwyrodnienia oraz przez choroby tj. reumatoidalne zapalenie staw\u00f3w.\t\t\t\t\t\t\t\t<\/div>\n\t\t\t\t<\/div>\n\t\t\t\t<div class=\"elementor-element elementor-element-40ea927 elementor-widget elementor-widget-heading\" data-id=\"40ea927\" data-element_type=\"widget\" data-e-type=\"widget\" data-widget_type=\"heading.default\">\n\t\t\t\t<div class=\"elementor-widget-container\">\n\t\t\t\t\t<h3 class=\"elementor-heading-title elementor-size-medium\">Najcz\u0119\u015bciej wyst\u0119puj\u0105cymi dysfunkcjami s\u0105:<\/h3>\t\t\t\t<\/div>\n\t\t\t\t<\/div>\n\t\t\t\t<div class=\"elementor-element elementor-element-30b0cdf elementor-widget elementor-widget-heading\" data-id=\"30b0cdf\" data-element_type=\"widget\" data-e-type=\"widget\" data-widget_type=\"heading.default\">\n\t\t\t\t<div class=\"elementor-widget-container\">\n\t\t\t\t\t<h4 class=\"elementor-heading-title elementor-size-medium\">\u0141okie\u0107 tenisisty<\/h4>\t\t\t\t<\/div>\n\t\t\t\t<\/div>\n\t\t\t\t<div class=\"elementor-element elementor-element-0880833 elementor-widget elementor-widget-text-editor\" data-id=\"0880833\" data-element_type=\"widget\" data-e-type=\"widget\" data-widget_type=\"text-editor.default\">\n\t\t\t\t<div class=\"elementor-widget-container\">\n\t\t\t\t\t\t\t\t\t\u0141okie\u0107 tenisisty to zapalenie nadk\u0142ykcia bocznego zmiana dotyczy \u015bci\u0119gna prostownika promieniowego kr\u00f3tkiego. \u015awiadczy o b\u00f3lu z boku \u0142okcia, kt\u00f3ry nasila si\u0119 przy prostowaniu nadgarstka.\t\t\t\t\t\t\t\t<\/div>\n\t\t\t\t<\/div>\n\t\t\t\t<div class=\"elementor-element elementor-element-feec310 elementor-widget elementor-widget-heading\" data-id=\"feec310\" data-element_type=\"widget\" data-e-type=\"widget\" data-widget_type=\"heading.default\">\n\t\t\t\t<div class=\"elementor-widget-container\">\n\t\t\t\t\t<h4 class=\"elementor-heading-title elementor-size-medium\">\u0141okie\u0107 golfisty<\/h4>\t\t\t\t<\/div>\n\t\t\t\t<\/div>\n\t\t\t\t<div class=\"elementor-element elementor-element-6156e05 elementor-widget elementor-widget-text-editor\" data-id=\"6156e05\" data-element_type=\"widget\" data-e-type=\"widget\" data-widget_type=\"text-editor.default\">\n\t\t\t\t<div class=\"elementor-widget-container\">\n\t\t\t\t\t\t\t\t\t\u0141okie\u0107 golfisty to zapalenie nadk\u0142ykcia przy\u015brodkowego zmiana dotyczy uszkodzenia \u015bci\u0119gna dalszego przyczepu mi\u0119\u015bni zginaczy i nawracacza ob\u0142ego. Ruchy zginania i nawracania nasilaj\u0105 b\u00f3l.\t\t\t\t\t\t\t\t<\/div>\n\t\t\t\t<\/div>\n\t\t\t\t<div class=\"elementor-element elementor-element-c6fd220 elementor-widget elementor-widget-text-editor\" data-id=\"c6fd220\" data-element_type=\"widget\" data-e-type=\"widget\" data-widget_type=\"text-editor.default\">\n\t\t\t\t<div class=\"elementor-widget-container\">\n\t\t\t\t\t\t\t\t\tW przebiegu ostrym opieramy si\u0119 na dzia\u0142aniu przeciwb\u00f3lowym i przeciwzapalnym np. drena\u017c limfatyczny i ograniczeniu aktywno\u015bci.\t\t\t\t\t\t\t\t<\/div>\n\t\t\t\t<\/div>\n\t\t\t\t<div class=\"elementor-element elementor-element-167638e elementor-widget elementor-widget-text-editor\" data-id=\"167638e\" data-element_type=\"widget\" data-e-type=\"widget\" data-widget_type=\"text-editor.default\">\n\t\t\t\t<div class=\"elementor-widget-container\">\n\t\t\t\t\t\t\t\t\tW stanie przewlek\u0142ym fizjoterapia d\u0105\u017cy do rozlu\u017anienia mi\u0119\u015bni i pobudzenia przemiany materii. Stosuje si\u0119 specjaln\u0105 opask\u0119 uciskow\u0105 wraz z kinezo-tapingiem. Rehabilitacja polega na terapii manualnej, rozlu\u017aniania powi\u0119zionego, zastosowaniem ultrad\u017awi\u0119k\u00f3w, \u0107wiczeniach ekscentrycznych, suchego ig\u0142owania, edukacji pacjenta oraz modyfikacji jego aktywno\u015bci.\t\t\t\t\t\t\t\t<\/div>\n\t\t\t\t<\/div>\n\t\t\t\t\t<\/div>\n\t\t<\/div>\n\t\t\t\t\t<\/div>\n\t\t<\/article>\n\t\t\t\t\t<\/div>\n\t\t<\/article>\n\t\t\t\t\t<\/div>\n\t\t<\/section>\n\t\t\t\t<section class=\"elementor-section elementor-top-section elementor-element elementor-element-e323qae elementor-section-content-middle elementor-section-boxed elementor-section-height-default elementor-section-height-default\" data-id=\"e323qae\" data-element_type=\"section\" data-e-type=\"section\" data-settings=\"{&quot;background_background&quot;:&quot;classic&quot;}\">\n\t\t\t\t\t\t<div class=\"elementor-container elementor-column-gap-no\">\n\t\t\t\t\t<div class=\"elementor-column elementor-col-66 elementor-top-column elementor-element elementor-element-1ee037f\" data-id=\"1ee037f\" data-element_type=\"column\" data-e-type=\"column\">\n\t\t\t<div class=\"elementor-widget-wrap elementor-element-populated\">\n\t\t\t\t\t\t<div class=\"elementor-element elementor-element-ecb3144 elementor-widget-divider--view-line elementor-widget elementor-widget-divider\" data-id=\"ecb3144\" data-element_type=\"widget\" data-e-type=\"widget\" data-widget_type=\"divider.default\">\n\t\t\t\t<div class=\"elementor-widget-container\">\n\t\t\t\t\t\t\t<div class=\"elementor-divider\">\n\t\t\t<span class=\"elementor-divider-separator\">\n\t\t\t\t\t\t<\/span>\n\t\t<\/div>\n\t\t\t\t\t\t<\/div>\n\t\t\t\t<\/div>\n\t\t\t\t<div class=\"elementor-element elementor-element-85b2e2e elementor-widget elementor-widget-heading\" data-id=\"85b2e2e\" data-element_type=\"widget\" data-e-type=\"widget\" data-widget_type=\"heading.default\">\n\t\t\t\t<div class=\"elementor-widget-container\">\n\t\t\t\t\t<h2 class=\"elementor-heading-title elementor-size-large\">Czy cierpisz na b\u00f3l w \u0142okciu?<\/h2>\t\t\t\t<\/div>\n\t\t\t\t<\/div>\n\t\t\t\t\t<\/div>\n\t\t<\/div>\n\t\t\t\t<div class=\"elementor-column elementor-col-33 elementor-top-column elementor-element elementor-element-4ed5faf\" data-id=\"4ed5faf\" data-element_type=\"column\" data-e-type=\"column\">\n\t\t\t<div class=\"elementor-widget-wrap elementor-element-populated\">\n\t\t\t\t\t\t<div class=\"elementor-element elementor-element-1d666dc elementor-align-center elementor-tablet-align-center elementor-widget elementor-widget-button\" data-id=\"1d666dc\" data-element_type=\"widget\" data-e-type=\"widget\" data-widget_type=\"button.default\">\n\t\t\t\t<div class=\"elementor-widget-container\">\n\t\t\t\t\t\t\t\t\t<div class=\"elementor-button-wrapper\">\n\t\t\t\t\t<a class=\"elementor-button elementor-button-link elementor-size-sm\" href=\"\/wizyty\/\">\n\t\t\t\t\t\t<span class=\"elementor-button-content-wrapper\">\n\t\t\t\t\t\t\t\t\t<span class=\"elementor-button-text\">Zapisz si\u0119 na wizyt\u0119<\/span>\n\t\t\t\t\t<\/span>\n\t\t\t\t\t<\/a>\n\t\t\t\t<\/div>\n\t\t\t\t\t\t\t\t<\/div>\n\t\t\t\t<\/div>\n\t\t\t\t\t<\/div>\n\t\t<\/div>\n\t\t\t\t\t<\/div>\n\t\t<\/section>\n\t\t\t\t<\/div>\n\t\t","protected":false},"excerpt":{"rendered":"<p>\u0141okie\u0107 &#8211; leczenie b\u00f3lu Fizjoterapia w Southampton, Hampshire, UK. \u0141okie\u0107 \u0141okie\u0107 tworz\u0105 trzy stawy: ramienno-promieniowy, ramienno-\u0142okciowy i promieniowo-\u0142okciowy bli\u017cszy. Torebka [&hellip;]<\/p>\n","protected":false},"author":1,"featured_media":0,"parent":0,"menu_order":0,"comment_status":"closed","ping_status":"closed","template":"","meta":{"_seopress_robots_primary_cat":"","_seopress_titles_title":"\u0141okie\u0107 Fizjoterapia i leczenie b\u00f3lu w Southampton","_seopress_titles_desc":"Czy cierpisz na b\u00f3le \u0142okcia? Jest to bardzo cz\u0119sty przypadek u os\u00f3b aktywnych fizycznie. Fizjoterapeuta PhysioCraft wykona odpowiednie \u0107wiczenia, aby Ci pom\u00f3c","_seopress_robots_index":"","site-sidebar-layout":"no-sidebar","site-content-layout":"page-builder","ast-site-content-layout":"default","site-content-style":"default","site-sidebar-style":"default","ast-global-header-display":"","ast-banner-title-visibility":"","ast-main-header-display":"","ast-hfb-above-header-display":"","ast-hfb-below-header-display":"","ast-hfb-mobile-header-display":"","site-post-title":"disabled","ast-breadcrumbs-content":"","ast-featured-img":"disabled","footer-sml-layout":"","ast-disable-related-posts":"","theme-transparent-header-meta":"default","adv-header-id-meta":"","stick-header-meta":"default","header-above-stick-meta":"","header-main-stick-meta":"","header-below-stick-meta":"","astra-migrate-meta-layouts":"default","ast-page-background-enabled":"default","ast-page-background-meta":{"desktop":{"background-color":"","background-image":"","background-repeat":"repeat","background-position":"center center","background-size":"auto","background-attachment":"scroll","background-type":"","background-media":"","overlay-type":"","overlay-color":"","overlay-opacity":"","overlay-gradient":""},"tablet":{"background-color":"","background-image":"","background-repeat":"repeat","background-position":"center center","background-size":"auto","background-attachment":"scroll","background-type":"","background-media":"","overlay-type":"","overlay-color":"","overlay-opacity":"","overlay-gradient":""},"mobile":{"background-color":"","background-image":"","background-repeat":"repeat","background-position":"center center","background-size":"auto","background-attachment":"scroll","background-type":"","background-media":"","overlay-type":"","overlay-color":"","overlay-opacity":"","overlay-gradient":""}},"ast-content-background-meta":{"desktop":{"background-color":"var(--ast-global-color-5)","background-image":"","background-repeat":"repeat","background-position":"center center","background-size":"auto","background-attachment":"scroll","background-type":"","background-media":"","overlay-type":"","overlay-color":"","overlay-opacity":"","overlay-gradient":""},"tablet":{"background-color":"var(--ast-global-color-5)","background-image":"","background-repeat":"repeat","background-position":"center center","background-size":"auto","background-attachment":"scroll","background-type":"","background-media":"","overlay-type":"","overlay-color":"","overlay-opacity":"","overlay-gradient":""},"mobile":{"background-color":"var(--ast-global-color-5)","background-image":"","background-repeat":"repeat","background-position":"center center","background-size":"auto","background-attachment":"scroll","background-type":"","background-media":"","overlay-type":"","overlay-color":"","overlay-opacity":"","overlay-gradient":""}},"footnotes":""},"location_category":[],"class_list":["post-28376","page","type-page","status-publish","hentry"],"_links":{"self":[{"href":"https:\/\/www.physiocraft.co.uk\/pl\/wp-json\/wp\/v2\/pages\/28376","targetHints":{"allow":["GET"]}}],"collection":[{"href":"https:\/\/www.physiocraft.co.uk\/pl\/wp-json\/wp\/v2\/pages"}],"about":[{"href":"https:\/\/www.physiocraft.co.uk\/pl\/wp-json\/wp\/v2\/types\/page"}],"author":[{"embeddable":true,"href":"https:\/\/www.physiocraft.co.uk\/pl\/wp-json\/wp\/v2\/users\/1"}],"replies":[{"embeddable":true,"href":"https:\/\/www.physiocraft.co.uk\/pl\/wp-json\/wp\/v2\/comments?post=28376"}],"version-history":[{"count":10,"href":"https:\/\/www.physiocraft.co.uk\/pl\/wp-json\/wp\/v2\/pages\/28376\/revisions"}],"predecessor-version":[{"id":29320,"href":"https:\/\/www.physiocraft.co.uk\/pl\/wp-json\/wp\/v2\/pages\/28376\/revisions\/29320"}],"wp:attachment":[{"href":"https:\/\/www.physiocraft.co.uk\/pl\/wp-json\/wp\/v2\/media?parent=28376"}],"wp:term":[{"taxonomy":"location_category","embeddable":true,"href":"https:\/\/www.physiocraft.co.uk\/pl\/wp-json\/wp\/v2\/location_category?post=28376"}],"curies":[{"name":"wp","href":"https:\/\/api.w.org\/{rel}","templated":true}]}}