{"id":28397,"date":"2021-06-07T22:54:38","date_gmt":"2021-06-07T21:54:38","guid":{"rendered":"https:\/\/www.physiocraft.co.uk\/head\/"},"modified":"2021-12-04T20:50:08","modified_gmt":"2021-12-04T20:50:08","slug":"glowa","status":"publish","type":"page","link":"https:\/\/www.physiocraft.co.uk\/pl\/glowa\/","title":{"rendered":"G\u0142owa"},"content":{"rendered":"\t\t<div data-elementor-type=\"wp-page\" data-elementor-id=\"28397\" class=\"elementor elementor-28397\">\n\t\t\t\t\t\t<header class=\"elementor-section elementor-top-section elementor-element elementor-element-a7c647a elementor-section-boxed elementor-section-height-default elementor-section-height-default\" data-id=\"a7c647a\" data-element_type=\"section\" data-e-type=\"section\">\n\t\t\t\t\t\t<div class=\"elementor-container elementor-column-gap-no\">\n\t\t\t\t\t<div class=\"elementor-column elementor-col-100 elementor-top-column elementor-element elementor-element-e73d4b5\" data-id=\"e73d4b5\" data-element_type=\"column\" data-e-type=\"column\">\n\t\t\t<div class=\"elementor-widget-wrap elementor-element-populated\">\n\t\t\t\t\t\t<div class=\"elementor-element elementor-element-8942199 elementor-widget elementor-widget-heading\" data-id=\"8942199\" data-element_type=\"widget\" data-e-type=\"widget\" data-widget_type=\"heading.default\">\n\t\t\t\t<div class=\"elementor-widget-container\">\n\t\t\t\t\t<h1 class=\"elementor-heading-title elementor-size-default\">B\u00f3le g\u0142owy<\/h1>\t\t\t\t<\/div>\n\t\t\t\t<\/div>\n\t\t\t\t<div class=\"elementor-element elementor-element-c31b8cb elementor-widget elementor-widget-text-editor\" data-id=\"c31b8cb\" data-element_type=\"widget\" data-e-type=\"widget\" data-widget_type=\"text-editor.default\">\n\t\t\t\t<div class=\"elementor-widget-container\">\n\t\t\t\t\t\t\t\t\t<p>Fizjoterapia g\u0142owy w Southampton, Hampshire, UK.<\/p>\t\t\t\t\t\t\t\t<\/div>\n\t\t\t\t<\/div>\n\t\t\t\t\t<\/div>\n\t\t<\/div>\n\t\t\t\t\t<\/div>\n\t\t<\/header>\n\t\t\t\t<section class=\"elementor-section elementor-top-section elementor-element elementor-element-0295055 elementor-section-boxed elementor-section-height-default elementor-section-height-default\" data-id=\"0295055\" data-element_type=\"section\" data-e-type=\"section\">\n\t\t\t\t\t\t<div class=\"elementor-container elementor-column-gap-default\">\n\t\t\t\t\t<article class=\"elementor-column elementor-col-100 elementor-top-column elementor-element elementor-element-d408a7b\" data-id=\"d408a7b\" data-element_type=\"column\" data-e-type=\"column\">\n\t\t\t<div class=\"elementor-widget-wrap elementor-element-populated\">\n\t\t\t\t\t\t<div class=\"elementor-element elementor-element-8b36255 elementor-widget elementor-widget-heading\" data-id=\"8b36255\" data-element_type=\"widget\" data-e-type=\"widget\" data-widget_type=\"heading.default\">\n\t\t\t\t<div class=\"elementor-widget-container\">\n\t\t\t\t\t<h2 class=\"elementor-heading-title elementor-size-large\">B\u00f3le G\u0142owy<\/h2>\t\t\t\t<\/div>\n\t\t\t\t<\/div>\n\t\t\t\t<div class=\"elementor-section elementor-inner-section elementor-element elementor-element-a6a9b0e elementor-section-boxed elementor-section-height-default elementor-section-height-default\" data-id=\"a6a9b0e\" data-element_type=\"section\" data-e-type=\"section\">\n\t\t\t\t\t\t<div class=\"elementor-container elementor-column-gap-default\">\n\t\t\t\t\t<div class=\"elementor-column elementor-col-50 elementor-inner-column elementor-element elementor-element-25d120a\" data-id=\"25d120a\" data-element_type=\"column\" data-e-type=\"column\">\n\t\t\t<div class=\"elementor-widget-wrap elementor-element-populated\">\n\t\t\t\t\t\t<div class=\"elementor-element elementor-element-22493df elementor-widget elementor-widget-text-editor\" data-id=\"22493df\" data-element_type=\"widget\" data-e-type=\"widget\" data-widget_type=\"text-editor.default\">\n\t\t\t\t<div class=\"elementor-widget-container\">\n\t\t\t\t\t\t\t\t\tG\u0142ow\u0119 dzielimy na cz\u0119\u015b\u0107 m\u00f3zgow\u0105 oraz twarzow\u0105. Ko\u015bci czaszki zapewniaj\u0105 ochron\u0119 dla m\u00f3zgu a szyja \u0142\u0105czy j\u0105 z reszt\u0105 cia\u0142a. Mieszcz\u0105 si\u0119 w niej narz\u0105dy zmys\u0142u: wzroku, s\u0142uchu, smaku i w\u0119chu. Mi\u0119\u015bnie mimiczne nadaj\u0105 wyraz twarzy. Mi\u0119\u015bnie \u017cwaczowe wykonuj\u0105 ruchy \u017cucia. Znajduj\u0105 si\u0119 te\u017c mi\u0119\u015bnie oka, ucha, nosa i j\u0119zyka. Liczne naczynia krwiono\u015bne doprowadzaj\u0105 krew do g\u0142owy. Drogi ch\u0142onne g\u0142owy prowadz\u0105 do w\u0119z\u0142\u00f3w ch\u0142onnych na szyi. Za unerwienie czuciowe i ruchowe odpowiadaj\u0105 nerwy czaszkowe dodatkowo ga\u0142\u0119zie sk\u00f3rne splotu szyjnego i ga\u0142\u0119zie pierwszych trzech nerw\u00f3w rdzeniowych szyjnych.\t\t\t\t\t\t\t\t<\/div>\n\t\t\t\t<\/div>\n\t\t\t\t\t<\/div>\n\t\t<\/div>\n\t\t\t\t<div class=\"elementor-column elementor-col-50 elementor-inner-column elementor-element elementor-element-fb87fcf\" data-id=\"fb87fcf\" data-element_type=\"column\" data-e-type=\"column\">\n\t\t\t<div class=\"elementor-widget-wrap elementor-element-populated\">\n\t\t\t\t\t\t<div class=\"elementor-element elementor-element-e989506 elementor-widget elementor-widget-text-editor\" data-id=\"e989506\" data-element_type=\"widget\" data-e-type=\"widget\" data-widget_type=\"text-editor.default\">\n\t\t\t\t<div class=\"elementor-widget-container\">\n\t\t\t\t\t\t\t\t\t<strong>B\u00f3le g\u0142owy maj\u0105 r\u00f3\u017cne przyczyny:<\/strong>\n<ul>\n \t<li>Uraz g\u0142owy\/szyi<\/li>\n \t<li>Choroby naczy\u0144 krwiono\u015bnych<\/li>\n \t<li>Wzmo\u017cone napi\u0119cie mi\u0119\u015bniowe<\/li>\n \t<li>Przeci\u0105\u017cenia<\/li>\n \t<li>Wady wzroku\/s\u0142uchu<\/li>\n \t<li>Zaka\u017cenia np. zatok<\/li>\n \t<li>Czynniki psychiczne (silne emocje, stres)<\/li>\n \t<li>Nieprawid\u0142owe ustawienie g\u0142owy np. wynikaj\u0105ce z asymetrii postawy cia\u0142a<\/li>\n<\/ul>\t\t\t\t\t\t\t\t<\/div>\n\t\t\t\t<\/div>\n\t\t\t\t\t<\/div>\n\t\t<\/div>\n\t\t\t\t\t<\/div>\n\t\t<\/div>\n\t\t\t\t<div class=\"elementor-element elementor-element-2f26dce elementor-widget elementor-widget-text-editor\" data-id=\"2f26dce\" data-element_type=\"widget\" data-e-type=\"widget\" data-widget_type=\"text-editor.default\">\n\t\t\t\t<div class=\"elementor-widget-container\">\n\t\t\t\t\t\t\t\t\tB\u00f3l g\u0142owy typu napi\u0119ciowego, migreny czy b\u00f3l kasetowy to tak zwane niespecyficzne b\u00f3le g\u0142owy, kt\u00f3rych przyczyna jest najcz\u0119\u015bciej nieznana. Maja jeden lub kilka objaw\u00f3w. Wp\u0142yw wywiera stres, z\u0142o\u015b\u0107, niedostatek snu, pojawiaj\u0105 si\u0119 punkty spustowe. Mog\u0105 by\u0107 nag\u0142e, promieniuj\u0105ce, nasilaj\u0105ce si\u0119, trwaj\u0105ce od kilku minut do kilku godzin. W terapii pomocna jest lampa Bioptron oraz masa\u017c.\t\t\t\t\t\t\t\t<\/div>\n\t\t\t\t<\/div>\n\t\t\t\t<div class=\"elementor-element elementor-element-520c4d4 elementor-widget elementor-widget-text-editor\" data-id=\"520c4d4\" data-element_type=\"widget\" data-e-type=\"widget\" data-widget_type=\"text-editor.default\">\n\t\t\t\t<div class=\"elementor-widget-container\">\n\t\t\t\t\t\t\t\t\tPora\u017cenie nerw\u00f3w np. nerwu twarzowego to odczucie bezw\u0142adu twarzy. Mo\u017ce by\u0107 dwustronny lub jednostronny i dotyczy\u0107 wszystkich grup mi\u0119\u015bni lub cz\u0119\u015bci. Odczucie twarzy zwiotcza\u0142ej, bez wyrazu z opadaniem k\u0105cika ust. Takie stany usprawnia si\u0119 elektrostymulacj\u0105.\t\t\t\t\t\t\t\t<\/div>\n\t\t\t\t<\/div>\n\t\t\t\t<div class=\"elementor-element elementor-element-e0e9a13 elementor-widget elementor-widget-text-editor\" data-id=\"e0e9a13\" data-element_type=\"widget\" data-e-type=\"widget\" data-widget_type=\"text-editor.default\">\n\t\t\t\t<div class=\"elementor-widget-container\">\n\t\t\t\t\t\t\t\t\tProblemy ze stawem skroniowo-\u017cuchwowym powoduje dyskomfort w okolicy ucha, skroni, \u017cuchwy czy z\u0119b\u00f3w. Mo\u017ce wyst\u0119powa\u0107 b\u00f3l przy ziewaniu, gryzieniu czy m\u00f3wieniu z odg\u0142osem trzaskania. Przyczyn\u0105 mo\u017ce by\u0107 zaciskanie z\u0119b\u00f3w i napinanie mi\u0119\u015bni mimicznych, bruksizm (zgrzytanie z\u0119bami) czy urazy.\t\t\t\t\t\t\t\t<\/div>\n\t\t\t\t<\/div>\n\t\t\t\t<div class=\"elementor-element elementor-element-7d64bf9 elementor-widget elementor-widget-text-editor\" data-id=\"7d64bf9\" data-element_type=\"widget\" data-e-type=\"widget\" data-widget_type=\"text-editor.default\">\n\t\t\t\t<div class=\"elementor-widget-container\">\n\t\t\t\t\t\t\t\t\tBez wzgl\u0119du na problem z jakim zg\u0142aszamy si\u0119 do fizjoterapeuty istotne jest podanie wszystkich informacji, kt\u00f3re mog\u0105 pom\u00f3c w terapii. R\u00f3wnie wa\u017cne jest badanie manualne a gdy potrzeba przekierowanie na badanie obrazowe. Fizjoterapeuta dostosuje terapie oraz program \u0107wicze\u0144 pod nasz problem. Systematyczne wykonywanie \u0107wicze\u0144 jest istotne w powrocie do zdrowia i lepszego samopoczucia.\t\t\t\t\t\t\t\t<\/div>\n\t\t\t\t<\/div>\n\t\t\t\t\t<\/div>\n\t\t<\/article>\n\t\t\t\t\t<\/div>\n\t\t<\/section>\n\t\t\t\t<section class=\"elementor-section elementor-top-section elementor-element elementor-element-71ec56ce elementor-section-content-middle elementor-section-boxed elementor-section-height-default elementor-section-height-default\" data-id=\"71ec56ce\" data-element_type=\"section\" data-e-type=\"section\" data-settings=\"{&quot;background_background&quot;:&quot;classic&quot;}\">\n\t\t\t\t\t\t<div class=\"elementor-container elementor-column-gap-no\">\n\t\t\t\t\t<div class=\"elementor-column elementor-col-66 elementor-top-column elementor-element elementor-element-4bf426c3\" data-id=\"4bf426c3\" data-element_type=\"column\" data-e-type=\"column\">\n\t\t\t<div class=\"elementor-widget-wrap elementor-element-populated\">\n\t\t\t\t\t\t<div class=\"elementor-element elementor-element-fae3ab4 elementor-widget-divider--view-line elementor-widget elementor-widget-divider\" data-id=\"fae3ab4\" data-element_type=\"widget\" data-e-type=\"widget\" data-widget_type=\"divider.default\">\n\t\t\t\t<div class=\"elementor-widget-container\">\n\t\t\t\t\t\t\t<div class=\"elementor-divider\">\n\t\t\t<span class=\"elementor-divider-separator\">\n\t\t\t\t\t\t<\/span>\n\t\t<\/div>\n\t\t\t\t\t\t<\/div>\n\t\t\t\t<\/div>\n\t\t\t\t<div class=\"elementor-element elementor-element-7943dfe4 elementor-widget elementor-widget-heading\" data-id=\"7943dfe4\" data-element_type=\"widget\" data-e-type=\"widget\" data-widget_type=\"heading.default\">\n\t\t\t\t<div class=\"elementor-widget-container\">\n\t\t\t\t\t<h2 class=\"elementor-heading-title elementor-size-large\">Cierpisz na b\u00f3le g\u0142owy<\/h2>\t\t\t\t<\/div>\n\t\t\t\t<\/div>\n\t\t\t\t\t<\/div>\n\t\t<\/div>\n\t\t\t\t<div class=\"elementor-column elementor-col-33 elementor-top-column elementor-element elementor-element-468c8032\" data-id=\"468c8032\" data-element_type=\"column\" data-e-type=\"column\">\n\t\t\t<div class=\"elementor-widget-wrap elementor-element-populated\">\n\t\t\t\t\t\t<div class=\"elementor-element elementor-element-4f4041fd elementor-align-left elementor-tablet-align-center elementor-widget elementor-widget-button\" data-id=\"4f4041fd\" data-element_type=\"widget\" data-e-type=\"widget\" data-widget_type=\"button.default\">\n\t\t\t\t<div class=\"elementor-widget-container\">\n\t\t\t\t\t\t\t\t\t<div class=\"elementor-button-wrapper\">\n\t\t\t\t\t<a class=\"elementor-button elementor-button-link elementor-size-sm\" href=\"\/wizyty\/\">\n\t\t\t\t\t\t<span class=\"elementor-button-content-wrapper\">\n\t\t\t\t\t\t\t\t\t<span class=\"elementor-button-text\">Um\u00f3w si\u0119 na wizyt\u0119<\/span>\n\t\t\t\t\t<\/span>\n\t\t\t\t\t<\/a>\n\t\t\t\t<\/div>\n\t\t\t\t\t\t\t\t<\/div>\n\t\t\t\t<\/div>\n\t\t\t\t\t<\/div>\n\t\t<\/div>\n\t\t\t\t\t<\/div>\n\t\t<\/section>\n\t\t\t\t<\/div>\n\t\t","protected":false},"excerpt":{"rendered":"<p>B\u00f3le g\u0142owy Fizjoterapia g\u0142owy w Southampton, Hampshire, UK. B\u00f3le G\u0142owy G\u0142ow\u0119 dzielimy na cz\u0119\u015b\u0107 m\u00f3zgow\u0105 oraz twarzow\u0105. Ko\u015bci czaszki zapewniaj\u0105 [&hellip;]<\/p>\n","protected":false},"author":1,"featured_media":0,"parent":0,"menu_order":0,"comment_status":"closed","ping_status":"closed","template":"","meta":{"_seopress_robots_primary_cat":"","_seopress_titles_title":"Uraz g\u0142owy - fizjoterapeuta w Southampton, UK - PhysioCraft","_seopress_titles_desc":"Czy po wypadku cierpisz na b\u00f3le g\u0142owy? Musisz jak najszybciej rozpocz\u0105\u0107 fizjoterapi\u0119, aby zapobiec dalszym uszkodzeniom. Fizjoterapia w Southampton","_seopress_robots_index":"","site-sidebar-layout":"no-sidebar","site-content-layout":"page-builder","ast-site-content-layout":"default","site-content-style":"default","site-sidebar-style":"default","ast-global-header-display":"","ast-banner-title-visibility":"","ast-main-header-display":"","ast-hfb-above-header-display":"","ast-hfb-below-header-display":"","ast-hfb-mobile-header-display":"","site-post-title":"disabled","ast-breadcrumbs-content":"","ast-featured-img":"disabled","footer-sml-layout":"","ast-disable-related-posts":"","theme-transparent-header-meta":"default","adv-header-id-meta":"","stick-header-meta":"default","header-above-stick-meta":"","header-main-stick-meta":"","header-below-stick-meta":"","astra-migrate-meta-layouts":"default","ast-page-background-enabled":"default","ast-page-background-meta":{"desktop":{"background-color":"","background-image":"","background-repeat":"repeat","background-position":"center center","background-size":"auto","background-attachment":"scroll","background-type":"","background-media":"","overlay-type":"","overlay-color":"","overlay-opacity":"","overlay-gradient":""},"tablet":{"background-color":"","background-image":"","background-repeat":"repeat","background-position":"center center","background-size":"auto","background-attachment":"scroll","background-type":"","background-media":"","overlay-type":"","overlay-color":"","overlay-opacity":"","overlay-gradient":""},"mobile":{"background-color":"","background-image":"","background-repeat":"repeat","background-position":"center center","background-size":"auto","background-attachment":"scroll","background-type":"","background-media":"","overlay-type":"","overlay-color":"","overlay-opacity":"","overlay-gradient":""}},"ast-content-background-meta":{"desktop":{"background-color":"var(--ast-global-color-5)","background-image":"","background-repeat":"repeat","background-position":"center center","background-size":"auto","background-attachment":"scroll","background-type":"","background-media":"","overlay-type":"","overlay-color":"","overlay-opacity":"","overlay-gradient":""},"tablet":{"background-color":"var(--ast-global-color-5)","background-image":"","background-repeat":"repeat","background-position":"center center","background-size":"auto","background-attachment":"scroll","background-type":"","background-media":"","overlay-type":"","overlay-color":"","overlay-opacity":"","overlay-gradient":""},"mobile":{"background-color":"var(--ast-global-color-5)","background-image":"","background-repeat":"repeat","background-position":"center center","background-size":"auto","background-attachment":"scroll","background-type":"","background-media":"","overlay-type":"","overlay-color":"","overlay-opacity":"","overlay-gradient":""}},"footnotes":""},"location_category":[],"class_list":["post-28397","page","type-page","status-publish","hentry"],"_links":{"self":[{"href":"https:\/\/www.physiocraft.co.uk\/pl\/wp-json\/wp\/v2\/pages\/28397","targetHints":{"allow":["GET"]}}],"collection":[{"href":"https:\/\/www.physiocraft.co.uk\/pl\/wp-json\/wp\/v2\/pages"}],"about":[{"href":"https:\/\/www.physiocraft.co.uk\/pl\/wp-json\/wp\/v2\/types\/page"}],"author":[{"embeddable":true,"href":"https:\/\/www.physiocraft.co.uk\/pl\/wp-json\/wp\/v2\/users\/1"}],"replies":[{"embeddable":true,"href":"https:\/\/www.physiocraft.co.uk\/pl\/wp-json\/wp\/v2\/comments?post=28397"}],"version-history":[{"count":11,"href":"https:\/\/www.physiocraft.co.uk\/pl\/wp-json\/wp\/v2\/pages\/28397\/revisions"}],"predecessor-version":[{"id":29345,"href":"https:\/\/www.physiocraft.co.uk\/pl\/wp-json\/wp\/v2\/pages\/28397\/revisions\/29345"}],"wp:attachment":[{"href":"https:\/\/www.physiocraft.co.uk\/pl\/wp-json\/wp\/v2\/media?parent=28397"}],"wp:term":[{"taxonomy":"location_category","embeddable":true,"href":"https:\/\/www.physiocraft.co.uk\/pl\/wp-json\/wp\/v2\/location_category?post=28397"}],"curies":[{"name":"wp","href":"https:\/\/api.w.org\/{rel}","templated":true}]}}