{"id":28848,"date":"2021-10-24T17:36:11","date_gmt":"2021-10-24T16:36:11","guid":{"rendered":"https:\/\/www.physiocraft.co.uk\/?page_id=28848"},"modified":"2021-11-28T14:45:32","modified_gmt":"2021-11-28T14:45:32","slug":"mobilny-fizjoterapeuta","status":"publish","type":"page","link":"https:\/\/www.physiocraft.co.uk\/pl\/mobilny-fizjoterapeuta\/","title":{"rendered":"Mobilny Fizjoterapeuta"},"content":{"rendered":"\t\t<div data-elementor-type=\"wp-page\" data-elementor-id=\"28848\" class=\"elementor elementor-28848\">\n\t\t\t\t\t\t<section class=\"elementor-section elementor-top-section elementor-element elementor-element-163894f elementor-section-height-min-height elementor-section-boxed elementor-section-height-default elementor-section-items-middle\" data-id=\"163894f\" data-element_type=\"section\" data-e-type=\"section\" data-settings=\"{&quot;background_background&quot;:&quot;classic&quot;}\">\n\t\t\t\t\t\t<div class=\"elementor-container elementor-column-gap-no\">\n\t\t\t\t\t<div class=\"elementor-column elementor-col-100 elementor-top-column elementor-element elementor-element-19607b9\" data-id=\"19607b9\" data-element_type=\"column\" data-e-type=\"column\">\n\t\t\t<div class=\"elementor-widget-wrap\">\n\t\t\t\t\t\t\t<\/div>\n\t\t<\/div>\n\t\t\t\t\t<\/div>\n\t\t<\/section>\n\t\t\t\t<header class=\"elementor-section elementor-top-section elementor-element elementor-element-26115ab elementor-section-boxed elementor-section-height-default elementor-section-height-default\" data-id=\"26115ab\" data-element_type=\"section\" data-e-type=\"section\">\n\t\t\t\t\t\t<div class=\"elementor-container elementor-column-gap-no\">\n\t\t\t\t\t<div class=\"elementor-column elementor-col-100 elementor-top-column elementor-element elementor-element-a8ebc03\" data-id=\"a8ebc03\" data-element_type=\"column\" data-e-type=\"column\">\n\t\t\t<div class=\"elementor-widget-wrap elementor-element-populated\">\n\t\t\t\t\t\t<div class=\"elementor-element elementor-element-efebe6c elementor-widget elementor-widget-heading\" data-id=\"efebe6c\" data-element_type=\"widget\" data-e-type=\"widget\" data-widget_type=\"heading.default\">\n\t\t\t\t<div class=\"elementor-widget-container\">\n\t\t\t\t\t<h1 class=\"elementor-heading-title elementor-size-default\">Mobilny Fizjoterapeuta<\/h1>\t\t\t\t<\/div>\n\t\t\t\t<\/div>\n\t\t\t\t<div class=\"elementor-element elementor-element-e3e59a3 elementor-widget elementor-widget-text-editor\" data-id=\"e3e59a3\" data-element_type=\"widget\" data-e-type=\"widget\" data-widget_type=\"text-editor.default\">\n\t\t\t\t<div class=\"elementor-widget-container\">\n\t\t\t\t\t\t\t\t\t<p>W PhysioCraft chcemy zapewni\u0107, \u017ce ka\u017cdy, kto potrzebuje fizjoterapii, otrzyma opiek\u0119 wysokiej jako\u015bci; dlatego oferuje fizjoterapeutyczne <a href=\"https:\/\/www.physiocraft.co.uk\/pl\/wizyty\/\">wizyty domowe<\/a> osobom, kt\u00f3re nie mog\u0105 podr\u00f3\u017cowa\u0107 do swojej kliniki w Southampton. Obs\u0142uguje pacjent\u00f3w w hrabstwach Southampton i Hampshire, a tak\u017ce w miastach takich jak Portsmouth, Bournemouth i Salisbury.<\/p>\t\t\t\t\t\t\t\t<\/div>\n\t\t\t\t<\/div>\n\t\t\t\t\t<\/div>\n\t\t<\/div>\n\t\t\t\t\t<\/div>\n\t\t<\/header>\n\t\t\t\t<section class=\"elementor-section elementor-top-section elementor-element elementor-element-8exf2wi elementor-section-boxed elementor-section-height-default elementor-section-height-default\" data-id=\"8exf2wi\" data-element_type=\"section\" data-e-type=\"section\">\n\t\t\t\t\t\t<div class=\"elementor-container elementor-column-gap-no\">\n\t\t\t\t\t<div class=\"elementor-column elementor-col-100 elementor-top-column elementor-element elementor-element-730f282\" data-id=\"730f282\" data-element_type=\"column\" data-e-type=\"column\">\n\t\t\t<div class=\"elementor-widget-wrap elementor-element-populated\">\n\t\t\t\t\t\t<div class=\"elementor-element elementor-element-f6960f1 elementor-widget elementor-widget-heading\" data-id=\"f6960f1\" data-element_type=\"widget\" data-e-type=\"widget\" data-widget_type=\"heading.default\">\n\t\t\t\t<div class=\"elementor-widget-container\">\n\t\t\t\t\t<h2 class=\"elementor-heading-title elementor-size-large\">Mobilny Fizjoterapeuta - korzy\u015bci<\/h2>\t\t\t\t<\/div>\n\t\t\t\t<\/div>\n\t\t\t\t<div class=\"elementor-element elementor-element-7263089 elementor-widget elementor-widget-text-editor\" data-id=\"7263089\" data-element_type=\"widget\" data-e-type=\"widget\" data-widget_type=\"text-editor.default\">\n\t\t\t\t<div class=\"elementor-widget-container\">\n\t\t\t\t\t\t\t\t\t<p>Rozumiemy, \u017ce niekt\u00f3rzy pacjenci mog\u0105 nie by\u0107 w stanie podr\u00f3\u017cowa\u0107 do jego kliniki w Southampton, ale nadal potrzebuj\u0105 terapii i wskaz\u00f3wek od profesjonalnych fizjoterapeut\u00f3w.<\/p><p>Ludzie wybieraj\u0105 fizjoterapeut\u00f3w mobilnych na wizyty domowe z wielu powod\u00f3w. Czasami ludzie s\u0105 zbyt ranni, \u017ale si\u0119 czuj\u0105 lub odczuwaj\u0105 zbyt du\u017cy b\u00f3l i dyskomfort, aby wyj\u015b\u0107, podczas gdy inni po prostu wol\u0105 korzysta\u0107 z fizjoterapii w zaciszu w\u0142asnego domu.<\/p><p>Wizyty domowe umo\u017cliwiaj\u0105 r\u00f3wnie\u017c reszcie rodziny udzia\u0142 w fizjoterapii i lepsze zrozumienie schorzenia, a tak\u017ce mo\u017cliwo\u015b\u0107 zadawania pyta\u0144 mobilnemu fizjoterapeucie i dowiedzenia si\u0119, jak mog\u0105 pom\u00f3c.<\/p><p>Nale\u017cy pami\u0119ta\u0107, \u017ce oferujemy <a href=\"https:\/\/www.physiocraft.co.uk\/pl\/wizyty\/\">wizyty domowe za dodatkow\u0105 op\u0142at\u0105<\/a>, kt\u00f3ra r\u00f3\u017cni si\u0119 w zale\u017cno\u015bci od odleg\u0142o\u015bci.<\/p>\t\t\t\t\t\t\t\t<\/div>\n\t\t\t\t<\/div>\n\t\t\t\t\t<\/div>\n\t\t<\/div>\n\t\t\t\t\t<\/div>\n\t\t<\/section>\n\t\t\t\t<section class=\"elementor-section elementor-top-section elementor-element elementor-element-b5c14bd elementor-section-boxed elementor-section-height-default elementor-section-height-default\" data-id=\"b5c14bd\" data-element_type=\"section\" data-e-type=\"section\">\n\t\t\t\t\t\t<div class=\"elementor-container elementor-column-gap-default\">\n\t\t\t\t\t<div class=\"elementor-column elementor-col-100 elementor-top-column elementor-element elementor-element-04e959b\" data-id=\"04e959b\" data-element_type=\"column\" data-e-type=\"column\">\n\t\t\t<div class=\"elementor-widget-wrap elementor-element-populated\">\n\t\t\t\t\t\t<div class=\"elementor-element elementor-element-f05a548 elementor-widget elementor-widget-heading\" data-id=\"f05a548\" data-element_type=\"widget\" data-e-type=\"widget\" data-widget_type=\"heading.default\">\n\t\t\t\t<div class=\"elementor-widget-container\">\n\t\t\t\t\t<h3 class=\"elementor-heading-title elementor-size-large\">Ju\u017c dzi\u015b zarezerwuj swojego mobilnego fizjoterapeut\u0119 na wizyt\u0119 w domu<\/h3>\t\t\t\t<\/div>\n\t\t\t\t<\/div>\n\t\t\t\t<div class=\"elementor-element elementor-element-d9243c5 elementor-widget elementor-widget-text-editor\" data-id=\"d9243c5\" data-element_type=\"widget\" data-e-type=\"widget\" data-widget_type=\"text-editor.default\">\n\t\t\t\t<div class=\"elementor-widget-container\">\n\t\t\t\t\t\t\t\t\t<p>Je\u015bli zastanawiasz si\u0119 kto jest najlepszym fizjoterapeuta w twojej okolicy? Odpowiedzi\u0105 jest PhysioCraft. Teraz \u0142atwiej ni\u017c kiedykolwiek zarezerwowa\u0107 sesj\u0119 fizjoterapeutyczn\u0105 w zaciszu w\u0142asnego domu. Wystarczy, \u017ce wype\u0142nisz poni\u017cszy formularz i wybierzesz preferowan\u0105 dat\u0119 i godzin\u0119. Ewentualnie zadzwo\u0144 do nas bezpo\u015brednio i um\u00f3w si\u0119 na spotkanie.<\/p>\t\t\t\t\t\t\t\t<\/div>\n\t\t\t\t<\/div>\n\t\t\t\t\t<\/div>\n\t\t<\/div>\n\t\t\t\t\t<\/div>\n\t\t<\/section>\n\t\t\t\t<section class=\"elementor-section elementor-top-section elementor-element elementor-element-9484ba4 elementor-section-boxed elementor-section-height-default elementor-section-height-default\" data-id=\"9484ba4\" data-element_type=\"section\" data-e-type=\"section\">\n\t\t\t\t\t\t<div class=\"elementor-container elementor-column-gap-default\">\n\t\t\t\t\t<div class=\"elementor-column elementor-col-100 elementor-top-column elementor-element elementor-element-4506d71\" data-id=\"4506d71\" data-element_type=\"column\" data-e-type=\"column\">\n\t\t\t<div class=\"elementor-widget-wrap elementor-element-populated\">\n\t\t\t\t\t\t<div class=\"elementor-element elementor-element-c3b1c82 elementor-widget elementor-widget-wpforms\" data-id=\"c3b1c82\" data-element_type=\"widget\" data-e-type=\"widget\" data-widget_type=\"wpforms.default\">\n\t\t\t\t<div class=\"elementor-widget-container\">\n\t\t\t\t\t<div class=\"wpforms-container \" id=\"wpforms-28818\"><form id=\"wpforms-form-28818\" class=\"wpforms-validate wpforms-form wpforms-ajax-form\" data-formid=\"28818\" method=\"post\" enctype=\"multipart\/form-data\" action=\"\/pl\/wp-json\/wp\/v2\/pages\/28848\" data-token=\"ec6607abada3a0ff42b326a33c6704ec\" data-token-time=\"1777714576\"><div class=\"wpforms-head-container\"><div class=\"wpforms-title\">Book Appointment<\/div><\/div><noscript class=\"wpforms-error-noscript\">Aby wype\u0142ni\u0107 ten formularz, w\u0142\u0105cz obs\u0142ug\u0119 JavaScript w przegl\u0105darce.<\/noscript><div class=\"wpforms-field-container\"><div id=\"wpforms-28818-field_0-container\" class=\"wpforms-field wpforms-field-name\" data-field-id=\"0\"><label class=\"wpforms-field-label wpforms-label-hide\" for=\"wpforms-28818-field_0\">Name <span class=\"wpforms-required-label\">*<\/span><\/label><div class=\"wpforms-field-row wpforms-field-medium\"><div class=\"wpforms-field-row-block wpforms-first wpforms-one-half\"><input type=\"text\" id=\"wpforms-28818-field_0\" class=\"wpforms-field-name-first wpforms-field-required\" name=\"wpforms[fields][0][first]\" placeholder=\"First Name\" required><label for=\"wpforms-28818-field_0\" class=\"wpforms-field-sublabel after wpforms-sublabel-hide\">Pierwszy<\/label><\/div><div class=\"wpforms-field-row-block wpforms-one-half\"><input type=\"text\" id=\"wpforms-28818-field_0-last\" class=\"wpforms-field-name-last wpforms-field-required\" name=\"wpforms[fields][0][last]\" placeholder=\"Last Name\" required><label for=\"wpforms-28818-field_0-last\" class=\"wpforms-field-sublabel after wpforms-sublabel-hide\">Ostatni<\/label><\/div><\/div><\/div><div id=\"wpforms-28818-field_5-container\" class=\"wpforms-field wpforms-field-number\" data-field-id=\"5\"><label class=\"wpforms-field-label wpforms-label-hide\" for=\"wpforms-28818-field_5\">Phone <span class=\"wpforms-required-label\">*<\/span><\/label><input type=\"number\" id=\"wpforms-28818-field_5\" class=\"wpforms-field-small wpforms-field-required\" name=\"wpforms[fields][5]\" placeholder=\"07340 700350\" step=\"any\" required><\/div><div id=\"wpforms-28818-field_1-container\" class=\"wpforms-field wpforms-field-email\" data-field-id=\"1\"><label class=\"wpforms-field-label wpforms-label-hide\" for=\"wpforms-28818-field_1\">Email <span class=\"wpforms-required-label\">*<\/span><\/label><input type=\"email\" id=\"wpforms-28818-field_1\" class=\"wpforms-field-small wpforms-field-required\" name=\"wpforms[fields][1]\" placeholder=\"Email\" spellcheck=\"false\" required><\/div><div id=\"wpforms-28818-field_4-container\" class=\"wpforms-field wpforms-field-checkbox wpforms-list-3-columns\" data-field-id=\"4\"><label class=\"wpforms-field-label\">Select Preferred Day <span class=\"wpforms-required-label\">*<\/span><\/label><ul id=\"wpforms-28818-field_4\" class=\"wpforms-field-required\"><li class=\"choice-1 depth-1\"><input type=\"checkbox\" id=\"wpforms-28818-field_4_1\" name=\"wpforms[fields][4][]\" value=\"Monday\" required ><label class=\"wpforms-field-label-inline\" for=\"wpforms-28818-field_4_1\">Monday<\/label><\/li><li class=\"choice-2 depth-1\"><input type=\"checkbox\" id=\"wpforms-28818-field_4_2\" name=\"wpforms[fields][4][]\" value=\"Tuesday\" required ><label class=\"wpforms-field-label-inline\" for=\"wpforms-28818-field_4_2\">Tuesday<\/label><\/li><li class=\"choice-3 depth-1\"><input type=\"checkbox\" id=\"wpforms-28818-field_4_3\" name=\"wpforms[fields][4][]\" value=\"Wednesday\" required ><label class=\"wpforms-field-label-inline\" for=\"wpforms-28818-field_4_3\">Wednesday<\/label><\/li><li class=\"choice-4 depth-1\"><input type=\"checkbox\" id=\"wpforms-28818-field_4_4\" name=\"wpforms[fields][4][]\" value=\"Thursday\" required ><label class=\"wpforms-field-label-inline\" for=\"wpforms-28818-field_4_4\">Thursday<\/label><\/li><li class=\"choice-5 depth-1\"><input type=\"checkbox\" id=\"wpforms-28818-field_4_5\" name=\"wpforms[fields][4][]\" value=\"Friday\" required ><label class=\"wpforms-field-label-inline\" for=\"wpforms-28818-field_4_5\">Friday<\/label><\/li><li class=\"choice-6 depth-1\"><input type=\"checkbox\" id=\"wpforms-28818-field_4_6\" name=\"wpforms[fields][4][]\" value=\"Saturday\" required ><label class=\"wpforms-field-label-inline\" for=\"wpforms-28818-field_4_6\">Saturday<\/label><\/li><li class=\"choice-7 depth-1\"><input type=\"checkbox\" id=\"wpforms-28818-field_4_7\" name=\"wpforms[fields][4][]\" value=\"Sunday\" required ><label class=\"wpforms-field-label-inline\" for=\"wpforms-28818-field_4_7\">Sunday<\/label><\/li><\/ul><\/div><div id=\"wpforms-28818-field_2-container\" class=\"wpforms-field wpforms-field-textarea\" data-field-id=\"2\"><label class=\"wpforms-field-label wpforms-label-hide\" for=\"wpforms-28818-field_2\">Message<\/label><textarea id=\"wpforms-28818-field_2\" class=\"wpforms-field-medium\" name=\"wpforms[fields][2]\" placeholder=\"Please give us as much information as possible and we will get back to you ASAP.\" ><\/textarea><\/div><\/div><!-- .wpforms-field-container --><div class=\"wpforms-submit-container\" ><input type=\"hidden\" name=\"wpforms[id]\" value=\"28818\"><input type=\"hidden\" name=\"page_title\" value=\"\"><input type=\"hidden\" name=\"page_url\" value=\"https:\/\/www.physiocraft.co.uk\/pl\/wp-json\/wp\/v2\/pages\/28848\"><input type=\"hidden\" name=\"url_referer\" value=\"\"><button type=\"submit\" name=\"wpforms[submit]\" id=\"wpforms-submit-28818\" class=\"wpforms-submit\" data-alt-text=\"Sending...\" data-submit-text=\"Submit\" aria-live=\"assertive\" value=\"wpforms-submit\">Submit<\/button><img decoding=\"async\" src=\"https:\/\/www.physiocraft.co.uk\/wp-content\/plugins\/wpforms-lite\/assets\/images\/submit-spin.svg\" class=\"wpforms-submit-spinner\" style=\"display: none;\" width=\"26\" height=\"26\" alt=\"Wczytywanie\"><\/div><\/form><\/div>  <!-- .wpforms-container -->\t\t\t\t<\/div>\n\t\t\t\t<\/div>\n\t\t\t\t\t<\/div>\n\t\t<\/div>\n\t\t\t\t\t<\/div>\n\t\t<\/section>\n\t\t\t\t<\/div>\n\t\t","protected":false},"excerpt":{"rendered":"<p>Mobilny Fizjoterapeuta W PhysioCraft chcemy zapewni\u0107, \u017ce ka\u017cdy, kto potrzebuje fizjoterapii, otrzyma opiek\u0119 wysokiej jako\u015bci; dlatego oferuje fizjoterapeutyczne wizyty domowe [&hellip;]<\/p>\n","protected":false},"author":1,"featured_media":28831,"parent":0,"menu_order":0,"comment_status":"closed","ping_status":"closed","template":"elementor_header_footer","meta":{"_seopress_robots_primary_cat":"","_seopress_titles_title":"PhysioCraft - Mobilny Fizjoterapeuta w Southampton","_seopress_titles_desc":"PhysioCraft - mobilny fizjoterapeuta. Um\u00f3w si\u0119 na domowa wizyt\u0119 z naszym fizjoterapeuta w zaciszu twojego domu. Wizyty domowe w Southampton i Hampshire","_seopress_robots_index":"","site-sidebar-layout":"no-sidebar","site-content-layout":"page-builder","ast-site-content-layout":"default","site-content-style":"default","site-sidebar-style":"default","ast-global-header-display":"","ast-banner-title-visibility":"","ast-main-header-display":"","ast-hfb-above-header-display":"","ast-hfb-below-header-display":"","ast-hfb-mobile-header-display":"","site-post-title":"disabled","ast-breadcrumbs-content":"","ast-featured-img":"disabled","footer-sml-layout":"","ast-disable-related-posts":"","theme-transparent-header-meta":"default","adv-header-id-meta":"","stick-header-meta":"default","header-above-stick-meta":"","header-main-stick-meta":"","header-below-stick-meta":"","astra-migrate-meta-layouts":"default","ast-page-background-enabled":"default","ast-page-background-meta":{"desktop":{"background-color":"","background-image":"","background-repeat":"repeat","background-position":"center center","background-size":"auto","background-attachment":"scroll","background-type":"","background-media":"","overlay-type":"","overlay-color":"","overlay-opacity":"","overlay-gradient":""},"tablet":{"background-color":"","background-image":"","background-repeat":"repeat","background-position":"center center","background-size":"auto","background-attachment":"scroll","background-type":"","background-media":"","overlay-type":"","overlay-color":"","overlay-opacity":"","overlay-gradient":""},"mobile":{"background-color":"","background-image":"","background-repeat":"repeat","background-position":"center center","background-size":"auto","background-attachment":"scroll","background-type":"","background-media":"","overlay-type":"","overlay-color":"","overlay-opacity":"","overlay-gradient":""}},"ast-content-background-meta":{"desktop":{"background-color":"var(--ast-global-color-5)","background-image":"","background-repeat":"repeat","background-position":"center center","background-size":"auto","background-attachment":"scroll","background-type":"","background-media":"","overlay-type":"","overlay-color":"","overlay-opacity":"","overlay-gradient":""},"tablet":{"background-color":"var(--ast-global-color-5)","background-image":"","background-repeat":"repeat","background-position":"center center","background-size":"auto","background-attachment":"scroll","background-type":"","background-media":"","overlay-type":"","overlay-color":"","overlay-opacity":"","overlay-gradient":""},"mobile":{"background-color":"var(--ast-global-color-5)","background-image":"","background-repeat":"repeat","background-position":"center center","background-size":"auto","background-attachment":"scroll","background-type":"","background-media":"","overlay-type":"","overlay-color":"","overlay-opacity":"","overlay-gradient":""}},"footnotes":""},"location_category":[],"class_list":["post-28848","page","type-page","status-publish","has-post-thumbnail","hentry"],"_links":{"self":[{"href":"https:\/\/www.physiocraft.co.uk\/pl\/wp-json\/wp\/v2\/pages\/28848","targetHints":{"allow":["GET"]}}],"collection":[{"href":"https:\/\/www.physiocraft.co.uk\/pl\/wp-json\/wp\/v2\/pages"}],"about":[{"href":"https:\/\/www.physiocraft.co.uk\/pl\/wp-json\/wp\/v2\/types\/page"}],"author":[{"embeddable":true,"href":"https:\/\/www.physiocraft.co.uk\/pl\/wp-json\/wp\/v2\/users\/1"}],"replies":[{"embeddable":true,"href":"https:\/\/www.physiocraft.co.uk\/pl\/wp-json\/wp\/v2\/comments?post=28848"}],"version-history":[{"count":25,"href":"https:\/\/www.physiocraft.co.uk\/pl\/wp-json\/wp\/v2\/pages\/28848\/revisions"}],"predecessor-version":[{"id":29324,"href":"https:\/\/www.physiocraft.co.uk\/pl\/wp-json\/wp\/v2\/pages\/28848\/revisions\/29324"}],"wp:featuredmedia":[{"embeddable":true,"href":"https:\/\/www.physiocraft.co.uk\/pl\/wp-json\/wp\/v2\/media\/28831"}],"wp:attachment":[{"href":"https:\/\/www.physiocraft.co.uk\/pl\/wp-json\/wp\/v2\/media?parent=28848"}],"wp:term":[{"taxonomy":"location_category","embeddable":true,"href":"https:\/\/www.physiocraft.co.uk\/pl\/wp-json\/wp\/v2\/location_category?post=28848"}],"curies":[{"name":"wp","href":"https:\/\/api.w.org\/{rel}","templated":true}]}}