{"id":28940,"date":"2021-10-31T11:01:09","date_gmt":"2021-10-31T11:01:09","guid":{"rendered":"https:\/\/www.physiocraft.co.uk\/?page_id=28940"},"modified":"2021-10-31T11:01:10","modified_gmt":"2021-10-31T11:01:10","slug":"polityka-prywatnosci","status":"publish","type":"page","link":"https:\/\/www.physiocraft.co.uk\/pl\/polityka-prywatnosci\/","title":{"rendered":"Polityka Prywatno\u015bci"},"content":{"rendered":"\n<h2 class=\"has-medium-font-size wp-block-heading\"><strong>Kim jeste\u015bmy<\/strong><\/h2>\n\n\n\n<p>Adres naszej strony internetowej to: <a href=\"https:\/\/www.physiocraft.co.uk\">https:\/\/www.physiocraft.co.uk<\/a>.<\/p>\n\n\n\n<p>Ta strona internetowa jest obs\u0142ugiwana przez PhysioCraft (Tomasz Jagiello), 47 Hawkhurst Cl, Weston, Southampton, SO19 9AX, Hampshire. <\/p>\n\n\n\n<p>Niniejsza polityka opisuje, w jaki spos\u00f3b zbieramy i przetwarzamy Twoje dane za po\u015brednictwem tej witryny. Nie opisuje naszej polityki danych dotycz\u0105cych informacji przekazywanych przez Ciebie naszym terapeutom ustnie lub w formie papierowej, dla kt\u00f3rej istnieje osobna polityka, o kt\u00f3rej nasi terapeuci mog\u0105 Ci\u0119 poinformowa\u0107.<\/p>\n\n\n\n<h2 class=\"has-medium-font-size wp-block-heading\">Jakie dane osobowe zbieramy i dlaczego je zbieramy<\/h2>\n\n\n\n<p>Twoje dane kontaktowe \u2013 formularz kontaktowy<br>Na naszej stronie internetowej (<a href=\"https:\/\/www.physiocraft.co.uk\">https:\/\/www.physiocraft.co.uk<\/a>) znajduje si\u0119 formularz kontaktowy. Je\u015bli u\u017cyjesz go do kontaktu z nami, zbierzemy nast\u0119puj\u0105ce dane:<\/p>\n\n\n\n<p>Twoje imi\u0119 i nazwisko, adres e-mail, numer telefonu\/kom\u00f3rki, temat oraz wszelkie informacje podane w obszarze \u201eTwoja wiadomo\u015b\u0107\u201d. Nie zalecamy podawania jakichkolwiek danych wra\u017cliwych, takich jak historia choroby, za po\u015brednictwem formularza na naszej stronie internetowej.<\/p>\n\n\n\n<p>PhysioCraft wykorzysta te dane, aby odpowiedzie\u0107 na Twoje zapytanie i nie u\u017cyjemy ich do \u017cadnych innych cel\u00f3w, takich jak wysy\u0142anie biuletynu, chyba \u017ce poprosisz o do\u0142\u0105czenie do naszej listy e-mailowej.<\/p>\n\n\n\n<h2 class=\"has-medium-font-size wp-block-heading\">Osadzone tre\u015bci z innych stron internetowych<\/h2>\n\n\n\n<p>Strony i artyku\u0142y w tej witrynie mog\u0105 zawiera\u0107 osadzone tre\u015bci (np. filmy, obrazy, artyku\u0142y, media spo\u0142eczno\u015bciowe i formularz rezerwacji terminu). Osadzone tre\u015bci z innych witryn zachowuj\u0105 si\u0119 dok\u0142adnie tak samo, jak gdyby u\u017cytkownik odwiedzi\u0142 inn\u0105 witryn\u0119.<\/p>\n\n\n\n<p>Te witryny mog\u0105 gromadzi\u0107 dane o Tobie, u\u017cywa\u0107 plik\u00f3w cookie, osadza\u0107 dodatkowe \u015bledzenie stron trzecich i monitorowa\u0107 Twoj\u0105 interakcj\u0119 z t\u0105 osadzon\u0105 tre\u015bci\u0105, w tym \u015bledzi\u0107 Twoj\u0105 interakcj\u0119 z osadzon\u0105 tre\u015bci\u0105, je\u015bli masz konto i jeste\u015b zalogowany w tej witrynie.<\/p>\n\n\n\n<p>Je\u015bli skorzystasz z wklejenia formularza rezerwacji. PhysioCraft ma dost\u0119p do tych danych i wykorzysta je w celu odpowiedzi na Twoje zapytanie, a my nie wykorzystamy ich w \u017cadnym innym celu.<\/p>\n\n\n\n<h2 class=\"has-medium-font-size wp-block-heading\">Analityka<\/h2>\n\n\n\n<p>Zbieramy dane o Twojej wizycie na naszej stronie za pomoc\u0105 Google Search Console i plik\u00f3w cookie Google Analytics w celu analizy i ulepszania naszej strony. Nie korelujemy tych danych z to\u017csamo\u015bci\u0105 \u017cadnej osoby. Mo\u017cesz zablokowa\u0107 korzystanie z plik\u00f3w cookies w ustawieniach swojej przegl\u0105darki internetowej, ale mo\u017ce to wp\u0142yn\u0105\u0107 na niekt\u00f3re funkcjonalno\u015bci serwisu.<\/p>\n\n\n\n<h2 class=\"has-medium-font-size wp-block-heading\">Jak zbieramy Twoje dane<\/h2>\n\n\n\n<p>Zbieramy Twoje dane za pomoc\u0105 naszego formularza kontaktowego <a href=\"https:\/\/www.physiocraft.co.uk\/contact\/\" data-type=\"URL\" data-id=\"https:\/\/www.physiocraft.co.uk\/contact\/\">www.physiocraft.co.uk\/contact\/<\/a><\/p>\n\n\n\n<p>Je\u015bli odwiedzisz jak\u0105kolwiek stron\u0119 witryny, zbierzemy informacje o Twojej wizycie za pomoc\u0105 plik\u00f3w cookie Google Analytics, ale nie b\u0119dziemy korelowa\u0107 tego z \u017cadnymi mo\u017cliwymi do zidentyfikowania danymi osobowymi.<\/p>\n\n\n\n<p>Je\u015bli poprosisz o zresetowanie has\u0142a, Tw\u00f3j adres IP zostanie do\u0142\u0105czony do wiadomo\u015bci e-mail dotycz\u0105cej resetowania.<\/p>\n\n\n\n<h2 class=\"has-medium-font-size wp-block-heading\">Komu udost\u0119pniamy Twoje dane<\/h2>\n\n\n\n<p>Nigdy nie udost\u0119pniamy Twoich danych z tej strony osobom trzecim na w\u0142asny u\u017cytek, poza organami \u015bcigania.<\/p>\n\n\n\n<h2 class=\"has-medium-font-size wp-block-heading\">Jak d\u0142ugo przechowujemy Twoje dane<\/h2>\n\n\n\n<p>Twoje dane z formularza zapytania na stronie przechowujemy przez 1 rok<\/p>\n\n\n\n<h2 class=\"has-medium-font-size wp-block-heading\">Jakie masz prawa do swoich danych<\/h2>\n\n\n\n<p>Mo\u017cesz poprosi\u0107 nas o dostarczenie kopii Twoich danych, ich zmian\u0119 lub usuni\u0119cie, kontaktuj\u0105c si\u0119 z nami pod adresem <a href=\"mailto:info@physiocraft.co.uk\">info@physiocraft.co.uk<\/a><\/p>\n\n\n\n<p>Na Twoj\u0105 pro\u015bb\u0119 podejmiemy dzia\u0142ania w ci\u0105gu (4 tygodnie)28 dni, jednak mo\u017cemy nie by\u0107 w stanie usun\u0105\u0107 Twoich danych, je\u015bli zosta\u0142e\u015b pacjentem lub dokona\u0142e\u015b u nas zakupu.<\/p>\n\n\n\n<h2 class=\"has-medium-font-size wp-block-heading\">Gdzie wysy\u0142amy Twoje dane<\/h2>\n\n\n\n<p>Komentarze go\u015bci mog\u0105 by\u0107 sprawdzane za pomoc\u0105 automatycznej us\u0142ugi wykrywania spamu.<\/p>\n\n\n\n<h2 class=\"has-medium-font-size wp-block-heading\">Skontaktuj si\u0119 z nami<\/h2>\n\n\n\n<p>Je\u015bli masz jakiekolwiek pytania w tym zakresie lub chcesz z\u0142o\u017cy\u0107 wniosek w zwi\u0105zku z Twoimi danymi osobowymi, skontaktuj si\u0119 z nami pod adresem <a href=\"mailto:info@physiocraft.co.uk\">info@physiocraft.co.uk<\/a><\/p>\n","protected":false},"excerpt":{"rendered":"<p>Kim jeste\u015bmy Adres naszej strony internetowej to: https:\/\/www.physiocraft.co.uk. Ta strona internetowa jest obs\u0142ugiwana przez PhysioCraft (Tomasz Jagiello), 47 Hawkhurst Cl, [&hellip;]<\/p>\n","protected":false},"author":1,"featured_media":0,"parent":0,"menu_order":0,"comment_status":"closed","ping_status":"open","template":"","meta":{"_seopress_robots_primary_cat":"","_seopress_titles_title":"Polityka Prywatno\u015bci PhysioCraft - Zapraszamy do lektury","_seopress_titles_desc":"Przygotowali\u015bmy dla pa\u0144stwa polityk\u0119 prywatno\u015bci kt\u00f3ra zwiera wszelkie informacje jak korzystamy z danych pobranych poprzez nasza stron\u0119 internetowa.","_seopress_robots_index":"","site-sidebar-layout":"default","site-content-layout":"","ast-site-content-layout":"default","site-content-style":"default","site-sidebar-style":"default","ast-global-header-display":"","ast-banner-title-visibility":"","ast-main-header-display":"","ast-hfb-above-header-display":"","ast-hfb-below-header-display":"","ast-hfb-mobile-header-display":"","site-post-title":"","ast-breadcrumbs-content":"","ast-featured-img":"","footer-sml-layout":"","ast-disable-related-posts":"","theme-transparent-header-meta":"","adv-header-id-meta":"","stick-header-meta":"","header-above-stick-meta":"","header-main-stick-meta":"","header-below-stick-meta":"","astra-migrate-meta-layouts":"default","ast-page-background-enabled":"default","ast-page-background-meta":{"desktop":{"background-color":"","background-image":"","background-repeat":"repeat","background-position":"center center","background-size":"auto","background-attachment":"scroll","background-type":"","background-media":"","overlay-type":"","overlay-color":"","overlay-opacity":"","overlay-gradient":""},"tablet":{"background-color":"","background-image":"","background-repeat":"repeat","background-position":"center center","background-size":"auto","background-attachment":"scroll","background-type":"","background-media":"","overlay-type":"","overlay-color":"","overlay-opacity":"","overlay-gradient":""},"mobile":{"background-color":"","background-image":"","background-repeat":"repeat","background-position":"center center","background-size":"auto","background-attachment":"scroll","background-type":"","background-media":"","overlay-type":"","overlay-color":"","overlay-opacity":"","overlay-gradient":""}},"ast-content-background-meta":{"desktop":{"background-color":"var(--ast-global-color-5)","background-image":"","background-repeat":"repeat","background-position":"center center","background-size":"auto","background-attachment":"scroll","background-type":"","background-media":"","overlay-type":"","overlay-color":"","overlay-opacity":"","overlay-gradient":""},"tablet":{"background-color":"var(--ast-global-color-5)","background-image":"","background-repeat":"repeat","background-position":"center center","background-size":"auto","background-attachment":"scroll","background-type":"","background-media":"","overlay-type":"","overlay-color":"","overlay-opacity":"","overlay-gradient":""},"mobile":{"background-color":"var(--ast-global-color-5)","background-image":"","background-repeat":"repeat","background-position":"center center","background-size":"auto","background-attachment":"scroll","background-type":"","background-media":"","overlay-type":"","overlay-color":"","overlay-opacity":"","overlay-gradient":""}},"footnotes":""},"location_category":[],"class_list":["post-28940","page","type-page","status-publish","hentry"],"_links":{"self":[{"href":"https:\/\/www.physiocraft.co.uk\/pl\/wp-json\/wp\/v2\/pages\/28940","targetHints":{"allow":["GET"]}}],"collection":[{"href":"https:\/\/www.physiocraft.co.uk\/pl\/wp-json\/wp\/v2\/pages"}],"about":[{"href":"https:\/\/www.physiocraft.co.uk\/pl\/wp-json\/wp\/v2\/types\/page"}],"author":[{"embeddable":true,"href":"https:\/\/www.physiocraft.co.uk\/pl\/wp-json\/wp\/v2\/users\/1"}],"replies":[{"embeddable":true,"href":"https:\/\/www.physiocraft.co.uk\/pl\/wp-json\/wp\/v2\/comments?post=28940"}],"version-history":[{"count":1,"href":"https:\/\/www.physiocraft.co.uk\/pl\/wp-json\/wp\/v2\/pages\/28940\/revisions"}],"predecessor-version":[{"id":28942,"href":"https:\/\/www.physiocraft.co.uk\/pl\/wp-json\/wp\/v2\/pages\/28940\/revisions\/28942"}],"wp:attachment":[{"href":"https:\/\/www.physiocraft.co.uk\/pl\/wp-json\/wp\/v2\/media?parent=28940"}],"wp:term":[{"taxonomy":"location_category","embeddable":true,"href":"https:\/\/www.physiocraft.co.uk\/pl\/wp-json\/wp\/v2\/location_category?post=28940"}],"curies":[{"name":"wp","href":"https:\/\/api.w.org\/{rel}","templated":true}]}}