{"id":29025,"date":"2021-11-06T14:45:13","date_gmt":"2021-11-06T14:45:13","guid":{"rendered":"https:\/\/www.physiocraft.co.uk\/?page_id=29025"},"modified":"2025-03-03T20:44:16","modified_gmt":"2025-03-03T20:44:16","slug":"polityka-cookies","status":"publish","type":"page","link":"https:\/\/www.physiocraft.co.uk\/pl\/polityka-cookies\/","title":{"rendered":"Polityka Cookies"},"content":{"rendered":"\n<p id=\"block-c72c7fd5-f331-4481-be50-7ef5b882f808\">To jest polityka plik\u00f3w cookie dla PhysioCraft, dost\u0119pna dla www.physiocraft.co.uk<\/p>\n\n\n\n<p id=\"block-958a23c0-29e7-4e7b-bdb6-520803b268f4\"><strong>Czym s\u0105 pliki cookie<\/strong><\/p>\n\n\n\n<p id=\"block-f3fcae30-700c-49a3-aa97-8a6642507f64\">Jak to jest powszechn\u0105 praktyk\u0105 w przypadku prawie wszystkich profesjonalnych witryn internetowych, ta witryna u\u017cywa plik\u00f3w cookie, kt\u00f3re s\u0105 ma\u0142ymi plikami pobieranymi na komputer, aby poprawi\u0107 Twoje wra\u017cenia. Ta strona opisuje, jakie informacje zbieraj\u0105, w jaki spos\u00f3b je wykorzystujemy i dlaczego czasami musimy przechowywa\u0107 te pliki cookie. Poinformujemy r\u00f3wnie\u017c, w jaki spos\u00f3b mo\u017cna zapobiec przechowywaniu tych plik\u00f3w cookie, jednak mo\u017ce to obni\u017cy\u0107 lub \u201ezak\u0142\u00f3ci\u0107\u201d niekt\u00f3re elementy funkcjonalno\u015bci witryny.<\/p>\n\n\n\n<p id=\"block-18acb754-ae7c-4910-b754-475989b596bc\">Wi\u0119cej og\u00f3lnych informacji na temat plik\u00f3w cookie mo\u017cna znale\u017a\u0107 w artykule Wikipedii na temat plik\u00f3w cookie HTTP.<\/p>\n\n\n\n<p id=\"block-88ffce5b-d1e2-4d6f-8562-02f47b5e7f8a\"><strong>Jak u\u017cywamy plik\u00f3w cookie<\/strong><\/p>\n\n\n\n<p id=\"block-71dd4977-5e5f-405f-b383-a329f5be9789\">U\u017cywamy plik\u00f3w cookie z r\u00f3\u017cnych powod\u00f3w wyszczeg\u00f3lnionych poni\u017cej. Niestety w wi\u0119kszo\u015bci przypadk\u00f3w nie ma standardowych bran\u017cowych opcji wy\u0142\u0105czania plik\u00f3w cookie bez ca\u0142kowitego wy\u0142\u0105czenia funkcjonalno\u015bci i funkcji, kt\u00f3re dodaj\u0105 do tej witryny. Zaleca si\u0119 pozostawienie wszystkich plik\u00f3w cookie, je\u015bli nie masz pewno\u015bci, czy ich potrzebujesz, czy nie, je\u015bli s\u0105 one wykorzystywane do \u015bwiadczenia us\u0142ug, z kt\u00f3rych korzystasz.<\/p>\n\n\n\n<p id=\"block-6ae1a188-3a2b-4669-bee0-b1190f99afb2\"><strong>Wy\u0142\u0105czanie plik\u00f3w cookie<\/strong><\/p>\n\n\n\n<p id=\"block-e26bf641-ea29-42af-abe5-f810e06cc769\">Mo\u017cesz zapobiec ustawianiu plik\u00f3w cookie, dostosowuj\u0105c ustawienia w swojej przegl\u0105darce (patrz Pomoc przegl\u0105darki, jak to zrobi\u0107). Nale\u017cy pami\u0119ta\u0107, \u017ce wy\u0142\u0105czenie plik\u00f3w cookie wp\u0142ynie na funkcjonalno\u015b\u0107 tej i wielu innych odwiedzanych witryn. Wy\u0142\u0105czenie plik\u00f3w cookie zazwyczaj powoduje r\u00f3wnie\u017c wy\u0142\u0105czenie niekt\u00f3rych funkcjonalno\u015bci i funkcji tej witryny. Dlatego zaleca si\u0119, aby nie wy\u0142\u0105cza\u0107 plik\u00f3w cookie.<\/p>\n\n\n\n<p id=\"block-445a2aa5-42ba-4c3e-a66a-c3252651e5c4\"><strong>Pliki cookie, kt\u00f3re ustawiamy<\/strong><\/p>\n\n\n\n<ul id=\"block-0586bc70-0196-4f99-98e8-d97f9b106df1\" class=\"wp-block-list\">\n<li>Pliki cookie zwi\u0105zane z formularzami. Gdy przesy\u0142asz dane za po\u015brednictwem formularza, takiego jak te znajduj\u0105ce si\u0119 na stronach kontaktowych lub formularzach komentarzy, pliki cookie mog\u0105 by\u0107 ustawione na zapami\u0119tywanie danych u\u017cytkownika na potrzeby przysz\u0142ej korespondencji.<\/li>\n<\/ul>\n\n\n\n<p id=\"block-e1a69265-53e0-4a00-9fe5-048727dd8679\"><strong>Pliki cookie stron trzecich<\/strong><\/p>\n\n\n\n<p id=\"block-ed5154d6-c0c5-4af4-90b0-ea942640e663\">W niekt\u00f3rych szczeg\u00f3lnych przypadkach u\u017cywamy r\u00f3wnie\u017c plik\u00f3w cookie dostarczanych przez zaufane strony trzecie. Poni\u017csza sekcja zawiera szczeg\u00f3\u0142owe informacje na temat plik\u00f3w cookie stron trzecich, kt\u00f3re mo\u017cesz napotka\u0107 za po\u015brednictwem tej witryny.<\/p>\n\n\n\n<ul id=\"block-63e6abc9-613d-4cca-8c65-4f7db6775649\" class=\"wp-block-list\">\n<li>Ta witryna korzysta z Google Analytics, kt\u00f3re jest jednym z najbardziej rozpowszechnionych i zaufanych rozwi\u0105za\u0144 analitycznych w sieci, kt\u00f3re pomaga nam zrozumie\u0107, w jaki spos\u00f3b korzystasz z witryny i jak mo\u017cemy poprawi\u0107 Twoje wra\u017cenia. Te pliki cookie mog\u0105 \u015bledzi\u0107 takie rzeczy, jak czas sp\u0119dzony w witrynie i odwiedzane strony, aby\u015bmy mogli nadal tworzy\u0107 atrakcyjne tre\u015bci. Wi\u0119cej informacji na temat plik\u00f3w cookie Google Analytics mo\u017cna znale\u017a\u0107 na oficjalnej stronie Google Analytics. <\/li>\n\n\n\n<li>Od czasu do czasu testujemy nowe funkcje i wprowadzamy subtelne zmiany w sposobie dostarczania witryny. Kiedy wci\u0105\u017c testujemy nowe funkcje, te pliki cookie mog\u0105 by\u0107 u\u017cywane w celu zapewnienia sp\u00f3jnego korzystania z witryny, jednocze\u015bnie zapewniaj\u0105c, \u017ce rozumiemy, kt\u00f3re optymalizacje nasi u\u017cytkownicy najbardziej ceni\u0105. Poniewa\u017c sprzedajemy produkty, wa\u017cne jest, aby\u015bmy rozumieli statystyki dotycz\u0105ce liczby os\u00f3b odwiedzaj\u0105cych nasz\u0105 witryn\u0119, kt\u00f3re faktycznie dokona\u0142y zakupu, a zatem jest to rodzaj danych, kt\u00f3re b\u0119d\u0105 \u015bledzone przez te pliki cookie. Jest to dla Ciebie wa\u017cne, poniewa\u017c oznacza to, \u017ce mo\u017cemy precyzyjnie przewidywa\u0107 biznesowe, kt\u00f3re pozwalaj\u0105 nam monitorowa\u0107 koszty reklamy i produkt\u00f3w, aby zapewni\u0107 najlepsz\u0105 mo\u017cliw\u0105 cen\u0119. The Google AdSense service we use to serve advertising uses a DoubleClick cookie to serve more relevant ads across the web and limit the number of times that a given ad is shown to you. For more information on Google AdSense see the official Google AdSense privacy FAQ.<\/li>\n\n\n\n<li>Na tej stronie u\u017cywamy r\u00f3wnie\u017c przycisk\u00f3w i\/lub wtyczek medi\u00f3w spo\u0142eczno\u015bciowych, kt\u00f3re umo\u017cliwiaj\u0105 \u0142\u0105czenie si\u0119 z sieci\u0105 spo\u0142eczno\u015bciow\u0105 na r\u00f3\u017cne sposoby. Aby te dzia\u0142a\u0142y, nast\u0119puj\u0105ce serwisy spo\u0142eczno\u015bciowe, w tym; {Facebook, LinkedIn, Twitter, Instagram i YouTube} ustawi pliki cookie za po\u015brednictwem naszej witryny, kt\u00f3re mog\u0105 by\u0107 wykorzystywane do ulepszania Twojego profilu w ich witrynie lub przyczyniania si\u0119 do przechowywania danych, kt\u00f3re przechowuj\u0105 w r\u00f3\u017cnych celach okre\u015blonych w ich odpowiednich politykach prywatno\u015bci.<\/li>\n<\/ul>\n\n\n\n<p id=\"block-4d2bcf35-b199-413f-94b5-d7bccd4a2b01\"><strong>Wi\u0119cej informacji<\/strong><\/p>\n\n\n\n<p id=\"block-54eff343-5c77-4c68-94b8-96b0cae77e4b\">Mamy nadziej\u0119, \u017ce to wyja\u015bni\u0142o ci spraw\u0119 i jak wspomniano wcze\u015bniej, je\u015bli nie masz pewno\u015bci, czy potrzebujesz, czy nie, zwykle bezpieczniej jest pozostawi\u0107 w\u0142\u0105czone pliki cookie, na wypadek interakcji z jedn\u0105 z funkcji, z kt\u00f3rych korzystasz na naszej stronie. Niniejsza Polityka dotycz\u0105ca plik\u00f3w cookie zosta\u0142a utworzona za pomoc\u0105 Generatora szablon\u00f3w zasad dotycz\u0105cych plik\u00f3w cookie i Generatora szablon\u00f3w zasad prywatno\u015bci.<\/p>\n\n\n\n<p id=\"block-c0f7699f-cfd9-48a4-b8fc-78706103aca5\">Je\u015bli jednak nadal szukasz wi\u0119cej informacji, mo\u017cesz skontaktowa\u0107 si\u0119 z nami za po\u015brednictwem jednej z naszych preferowanych metod kontaktu:<\/p>\n\n\n\n<p><a href=\"mailto:info@physiocraft.co.uk\">info@physiocraft.co.uk<\/a><\/p>\n","protected":false},"excerpt":{"rendered":"<p>To jest polityka plik\u00f3w cookie dla PhysioCraft, dost\u0119pna dla www.physiocraft.co.uk Czym s\u0105 pliki cookie Jak to jest powszechn\u0105 praktyk\u0105 w [&hellip;]<\/p>\n","protected":false},"author":1,"featured_media":0,"parent":0,"menu_order":0,"comment_status":"closed","ping_status":"closed","template":"","meta":{"_seopress_robots_primary_cat":"","_seopress_titles_title":"Polityka Cookies - polityka ciasteczek PhysioCraft Southampton","_seopress_titles_desc":"Nasz witryna posiada polityk\u0119 cookies kt\u00f3ra jest wymagana przy posiadaniu strony internetowej. Aby dowiedzie\u0107 si\u0119 wiecej o polityce, zapraszamy do lektury.","_seopress_robots_index":"","site-sidebar-layout":"default","site-content-layout":"","ast-site-content-layout":"default","site-content-style":"default","site-sidebar-style":"default","ast-global-header-display":"","ast-banner-title-visibility":"","ast-main-header-display":"","ast-hfb-above-header-display":"","ast-hfb-below-header-display":"","ast-hfb-mobile-header-display":"","site-post-title":"","ast-breadcrumbs-content":"","ast-featured-img":"","footer-sml-layout":"","ast-disable-related-posts":"","theme-transparent-header-meta":"","adv-header-id-meta":"","stick-header-meta":"","header-above-stick-meta":"","header-main-stick-meta":"","header-below-stick-meta":"","astra-migrate-meta-layouts":"set","ast-page-background-enabled":"default","ast-page-background-meta":{"desktop":{"background-color":"","background-image":"","background-repeat":"repeat","background-position":"center center","background-size":"auto","background-attachment":"scroll","background-type":"","background-media":"","overlay-type":"","overlay-color":"","overlay-opacity":"","overlay-gradient":""},"tablet":{"background-color":"","background-image":"","background-repeat":"repeat","background-position":"center center","background-size":"auto","background-attachment":"scroll","background-type":"","background-media":"","overlay-type":"","overlay-color":"","overlay-opacity":"","overlay-gradient":""},"mobile":{"background-color":"","background-image":"","background-repeat":"repeat","background-position":"center center","background-size":"auto","background-attachment":"scroll","background-type":"","background-media":"","overlay-type":"","overlay-color":"","overlay-opacity":"","overlay-gradient":""}},"ast-content-background-meta":{"desktop":{"background-color":"var(--ast-global-color-5)","background-image":"","background-repeat":"repeat","background-position":"center center","background-size":"auto","background-attachment":"scroll","background-type":"","background-media":"","overlay-type":"","overlay-color":"","overlay-opacity":"","overlay-gradient":""},"tablet":{"background-color":"var(--ast-global-color-5)","background-image":"","background-repeat":"repeat","background-position":"center center","background-size":"auto","background-attachment":"scroll","background-type":"","background-media":"","overlay-type":"","overlay-color":"","overlay-opacity":"","overlay-gradient":""},"mobile":{"background-color":"var(--ast-global-color-5)","background-image":"","background-repeat":"repeat","background-position":"center center","background-size":"auto","background-attachment":"scroll","background-type":"","background-media":"","overlay-type":"","overlay-color":"","overlay-opacity":"","overlay-gradient":""}},"footnotes":""},"location_category":[],"class_list":["post-29025","page","type-page","status-publish","hentry"],"_links":{"self":[{"href":"https:\/\/www.physiocraft.co.uk\/pl\/wp-json\/wp\/v2\/pages\/29025","targetHints":{"allow":["GET"]}}],"collection":[{"href":"https:\/\/www.physiocraft.co.uk\/pl\/wp-json\/wp\/v2\/pages"}],"about":[{"href":"https:\/\/www.physiocraft.co.uk\/pl\/wp-json\/wp\/v2\/types\/page"}],"author":[{"embeddable":true,"href":"https:\/\/www.physiocraft.co.uk\/pl\/wp-json\/wp\/v2\/users\/1"}],"replies":[{"embeddable":true,"href":"https:\/\/www.physiocraft.co.uk\/pl\/wp-json\/wp\/v2\/comments?post=29025"}],"version-history":[{"count":4,"href":"https:\/\/www.physiocraft.co.uk\/pl\/wp-json\/wp\/v2\/pages\/29025\/revisions"}],"predecessor-version":[{"id":31652,"href":"https:\/\/www.physiocraft.co.uk\/pl\/wp-json\/wp\/v2\/pages\/29025\/revisions\/31652"}],"wp:attachment":[{"href":"https:\/\/www.physiocraft.co.uk\/pl\/wp-json\/wp\/v2\/media?parent=29025"}],"wp:term":[{"taxonomy":"location_category","embeddable":true,"href":"https:\/\/www.physiocraft.co.uk\/pl\/wp-json\/wp\/v2\/location_category?post=29025"}],"curies":[{"name":"wp","href":"https:\/\/api.w.org\/{rel}","templated":true}]}}